{"id":260226,"date":"2024-12-05T14:54:24","date_gmt":"2024-12-05T14:54:24","guid":{"rendered":"https:\/\/rbkprime.com\/rechtliche-hinweise\/"},"modified":"2025-04-08T08:01:15","modified_gmt":"2025-04-08T08:01:15","slug":"rechtliche-hinweise","status":"publish","type":"page","link":"https:\/\/rbkprime.com\/de\/rechtliche-hinweise\/","title":{"rendered":"Rechtliche Hinweise"},"content":{"rendered":"<p>[et_pb_section fb_built=&#8220;1&#8243; admin_label=&#8220;Aviso Legal&#8220; module_id=&#8220;PropiedadesDestacadas&#8220; _builder_version=&#8220;4.27.4&#8243; _module_preset=&#8220;default&#8220; background_color=&#8220;rgba(243,243,243,0.3)&#8220; custom_margin=&#8220;||||false|false&#8220; custom_padding=&#8220;220px||20px||false|false&#8220; hover_enabled=&#8220;0&#8243; locked=&#8220;off&#8220; collapsed=&#8220;on&#8220; global_colors_info=&#8220;{}&#8220; button_text_size__hover_enabled=&#8220;on|hover&#8220; button_text_color__hover=&#8220;#212124&#8243; button_text_color__hover_enabled=&#8220;on|desktop&#8220; button_bg_color__hover=&#8220;#FFFFFF&#8220; button_bg_color__hover_enabled=&#8220;on|desktop&#8220; button_border_color__hover=&#8220;#FFFFFF&#8220; button_border_color__hover_enabled=&#8220;on|hover&#8220; button_text_size__hover=&#8220;15px&#8220; custom_padding_last_edited=&#8220;on|phone&#8220; sticky_enabled=&#8220;0&#8243; custom_padding_tablet=&#8220;80px||||false|false&#8220; custom_padding_phone=&#8220;80px||||false|false&#8220;][et_pb_row use_custom_gutter=&#8220;on&#8220; gutter_width=&#8220;2&#8243; _builder_version=&#8220;4.27.4&#8243; _module_preset=&#8220;default&#8220; width=&#8220;93%&#8220; width_tablet=&#8220;93%&#8220; width_phone=&#8220;90%&#8220; width_last_edited=&#8220;on|phone&#8220; max_width=&#8220;90%&#8220; custom_padding=&#8220;4%||4%||true|false&#8220; animation_style=&#8220;fade&#8220; animation_duration=&#8220;2000ms&#8220; border_color_top=&#8220;#BCBCBC&#8220; global_colors_info=&#8220;{}&#8220;][et_pb_column type=&#8220;4_4&#8243; _builder_version=&#8220;4.27.4&#8243; _module_preset=&#8220;default&#8220; background_color=&#8220;RGBA(255,255,255,0)&#8220; global_colors_info=&#8220;{}&#8220;][et_pb_text _builder_version=&#8220;4.27.4&#8243; _module_preset=&#8220;default&#8220; header_2_font=&#8220;didot-title|700|||||||&#8220; header_2_text_align=&#8220;left&#8220; header_2_text_color=&#8220;#0c0c0c&#8220; header_2_font_size=&#8220;64px&#8220; header_2_letter_spacing=&#8220;-0.5px&#8220; max_width_tablet=&#8220;100%&#8220; max_width_phone=&#8220;100%&#8220; max_width_last_edited=&#8220;on|tablet&#8220; module_alignment=&#8220;center&#8220; custom_margin=&#8220;0px||20px||false|false&#8220; custom_margin_last_edited=&#8220;off|phone&#8220; custom_padding=&#8220;0px||0px||false|false&#8220; header_2_font_size_tablet=&#8220;50px&#8220; header_2_font_size_phone=&#8220;30px&#8220; header_2_font_size_last_edited=&#8220;on|phone&#8220; locked=&#8220;off&#8220; global_colors_info=&#8220;{}&#8220;]<\/p>\n<h2 style=\"text-align: center;\">Rechtliche Hinweise<\/h2>\n<p>[\/et_pb_text][et_pb_text _builder_version=&#8220;4.27.4&#8243; _module_preset=&#8220;default&#8220; text_text_color=&#8220;#000000&#8243; text_font_size=&#8220;17px&#8220; header_2_font=&#8220;helvetica||||||||&#8220; header_2_text_color=&#8220;#212124&#8243; header_2_font_size=&#8220;18px&#8220; header_2_line_height=&#8220;1.2em&#8220; max_width=&#8220;720px&#8220; module_alignment=&#8220;center&#8220; custom_margin=&#8220;0px||0px||false|false&#8220; custom_padding=&#8220;0px||0px||false|false&#8220; global_colors_info=&#8220;{}&#8220;]<\/p>\n<p style=\"text-align: center;\">Wir machen den Kauf einer Immobilie zu einem einfachen, sicheren und personalisierten Prozess.<\/p>\n<p>[\/et_pb_text][\/et_pb_column][\/et_pb_row][et_pb_row use_custom_gutter=&#8220;on&#8220; gutter_width=&#8220;2&#8243; _builder_version=&#8220;4.27.4&#8243; _module_preset=&#8220;default&#8220; width=&#8220;90%&#8220; max_width=&#8220;90%&#8220; custom_margin=&#8220;||||false|false&#8220; animation_style=&#8220;fade&#8220; animation_duration=&#8220;2000ms&#8220; border_color_top=&#8220;#BCBCBC&#8220; locked=&#8220;off&#8220; global_colors_info=&#8220;{}&#8220;][et_pb_column type=&#8220;4_4&#8243; _builder_version=&#8220;4.26.0&#8243; _module_preset=&#8220;default&#8220; global_colors_info=&#8220;{}&#8220;][et_pb_text _builder_version=&#8220;4.27.4&#8243; _module_preset=&#8220;default&#8220; text_font=&#8220;helvetica-neue||||||||&#8220; text_text_color=&#8220;#212124&#8243; text_font_size=&#8220;17px&#8220; text_line_height=&#8220;1.4em&#8220; link_font=&#8220;helvetica-neue|700|||||||&#8220; link_text_color=&#8220;#B79249&#8243; header_2_font=&#8220;helvetica||||||||&#8220; header_2_text_color=&#8220;#212124&#8243; header_2_font_size=&#8220;16px&#8220; header_2_line_height=&#8220;1.2em&#8220; header_3_font_size=&#8220;26px&#8220; header_3_line_height=&#8220;1.2em&#8220; width=&#8220;70%&#8220; width_tablet=&#8220;100%&#8220; width_phone=&#8220;100%&#8220; width_last_edited=&#8220;on|phone&#8220; max_width=&#8220;100%&#8220; module_alignment=&#8220;center&#8220; custom_margin=&#8220;0px||0px||false|false&#8220; custom_padding=&#8220;0px||0%||false|false&#8220; header_3_font_size_tablet=&#8220;22px&#8220; header_3_font_size_phone=&#8220;22px&#8220; header_3_font_size_last_edited=&#8220;on|desktop&#8220; global_colors_info=&#8220;{}&#8220;]<\/p>\n<p data-start=\"45\" data-end=\"79\">Der Inhaber der Website ist:<\/p>\n<p data-start=\"81\" data-end=\"204\"><strong>RBK PRIME INVEST<\/strong>, S.L.<br data-start=\"103\" data-end=\"106\" \/><strong>CIF<\/strong> B19449412<br data-start=\"119\" data-end=\"122\" \/><strong>Steuerlicher Sitz:<\/strong> Plaza Rey Juan Carlos I, 3 ppal. 2\u00aa, 07012 Palma de Mallorca.<\/p>\n<h2 data-start=\"206\" data-end=\"240\"><strong data-start=\"206\" data-end=\"238\">Eintragungsdaten im Register<\/strong><\/h2>\n<p data-start=\"242\" data-end=\"332\">Handelsregister von Palma de Mallorca, Folio 1000431316857, Blatt PM 10131, Eintragung 1<\/p>\n<h2 data-start=\"334\" data-end=\"392\"><strong data-start=\"334\" data-end=\"390\">Vorherige beh\u00f6rdliche Genehmigung (falls zutreffend)<\/strong><\/h2>\n<p data-start=\"394\" data-end=\"531\">Daten zur Genehmigung und zust\u00e4ndige Aufsichtsbeh\u00f6rde f\u00fcr die gem\u00e4\u00df der ausge\u00fcbten T\u00e4tigkeit erforderlichen beh\u00f6rdlichen Genehmigungen.<\/p>\n<h3 data-start=\"533\" data-end=\"565\"><strong>1. Anwendbare Vorschriften<\/strong><\/h3>\n<p data-start=\"567\" data-end=\"1624\">Dieses Impressum unterliegt den Bestimmungen des spanischen Organgesetzes 03\/2018 vom 5. Dezember, der EU-Verordnung 2016\/679 des Europ\u00e4ischen Parlaments und des Rates vom 27. April 2016 zum Schutz nat\u00fcrlicher Personen im Hinblick auf die Verarbeitung personenbezogener Daten, dem Telekommunikationsgesetz 11\/2022 vom 28. Juni sowie dem Gesetz 34\/2002 vom 11. Juli \u00fcber Dienste der Informationsgesellschaft und des elektronischen Handels. Dar\u00fcber hinaus gilt das Gesetz 2\/2023 vom 20. Februar \u00fcber den Schutz von Personen, die Verst\u00f6\u00dfe gegen Vorschriften melden und gegen Korruption k\u00e4mpfen, das K\u00f6nigliche Gesetzesdekret 7\/2021, das \u00c4nderungen am Gesetz zum Schutz von Verbrauchern und Nutzern vornimmt, sowie das K\u00f6nigliche Gesetzesdekret 13\/2012 vom 30. M\u00e4rz zur Umsetzung von Richtlinien im Bereich des Elektrizit\u00e4ts- und Gasbinnenmarkts sowie der elektronischen Kommunikation.<br data-start=\"1448\" data-end=\"1451\" \/>F\u00fcr den Immobiliensektor gelten speziell das Gesetz 12\/2023 vom 24. Mai \u00fcber das Recht auf Wohnen und das Gesetz 3\/2024 vom 3. Mai \u00fcber dringende Ma\u00dfnahmen im Wohnbereich.<\/p>\n<h3 data-start=\"1626\" data-end=\"1654\"><strong>2. Nutzung der Website<\/strong><\/h3>\n<p data-start=\"1656\" data-end=\"1953\">Der Zugriff auf die Website sowie auf alle dazugeh\u00f6rigen Unterverzeichnisse und Domains sowie die darauf angebotenen Dienste und Inhalte unterliegen den Bedingungen dieses Impressums. Der Zugang zu bestimmten Diensten oder Inhalten kann zus\u00e4tzlichen Allgemeinen Gesch\u00e4ftsbedingungen unterliegen.<\/p>\n<h3 data-start=\"1955\" data-end=\"2001\"><strong>3. Geistige und gewerbliche Schutzrechte<\/strong><\/h3>\n<p data-start=\"2003\" data-end=\"2498\">Alle Inhalte dieser Website, einschlie\u00dflich Texte, Bilder, Designs, Logos und sonstiges Material, sind durch geistige und gewerbliche Schutzrechte gesch\u00fctzt und Eigentum von RBK PRIME INVEST, S.L. Die vollst\u00e4ndige oder teilweise Vervielf\u00e4ltigung der Inhalte ohne ausdr\u00fcckliche Genehmigung ist untersagt.<br data-start=\"2306\" data-end=\"2309\" \/>Das Unternehmen respektiert die geistigen und gewerblichen Schutzrechte Dritter. Falls Sie der Meinung sind, dass Ihre Rechte verletzt werden, setzen Sie sich bitte mit uns in Verbindung.<\/p>\n<p data-start=\"2500\" data-end=\"2876\">Nutzer, die Kommentare oder Meinungen \u00fcber E-Mail oder andere Mittel auf der Website hinterlassen (z. B. \u00fcber \u201eHinterlassen Sie einen Kommentar\u201c-Funktionen oder Blogs), gew\u00e4hren dem Inhaber das Recht zur Vervielf\u00e4ltigung, Kommunikation und uneingeschr\u00e4nkten Verwertung. Der Inhaber beh\u00e4lt sich das Recht vor, Inhalte zu entfernen, wenn diese als beleidigend erachtet werden.<\/p>\n<p data-start=\"2878\" data-end=\"3060\">Das Unternehmen \u00fcbernimmt keine Verantwortung f\u00fcr die Nutzung der Website durch die Nutzer oder f\u00fcr Inhalte, die diese bereitstellen, sofern dadurch Rechte Dritter verletzt werden.<\/p>\n<h3 data-start=\"3062\" data-end=\"3107\"><strong>4. Ausschluss von Garantien und Haftung<\/strong><\/h3>\n<p data-start=\"3109\" data-end=\"3378\">Das Unternehmen \u00fcbernimmt keinerlei Haftung f\u00fcr Sch\u00e4den, die durch Fehler oder Auslassungen in den Inhalten, Nichtverf\u00fcgbarkeit der Website oder die \u00dcbertragung von Viren oder Schadsoftware entstehen, obwohl alle erforderlichen technischen Ma\u00dfnahmen ergriffen wurden.<\/p>\n<p data-start=\"3380\" data-end=\"3617\">Das Unternehmen kann \u00fcber Links Zugang zu Websites Dritter gew\u00e4hren. Diese externen Links unterliegen nicht der Kontrolle des Unternehmens, weshalb keine Verantwortung f\u00fcr deren Inhalte oder angebotene Dienstleistungen \u00fcbernommen wird.<\/p>\n<p data-start=\"3619\" data-end=\"3701\">Das Unternehmen haftet auch nicht f\u00fcr Verst\u00f6\u00dfe der Nutzer, die Dritte betreffen.<\/p>\n<h3 data-start=\"3703\" data-end=\"3722\"><strong>5. \u00c4nderungen<\/strong><\/h3>\n<p data-start=\"3724\" data-end=\"4017\">Der Inhaber beh\u00e4lt sich das Recht vor, jederzeit \u00c4nderungen an der Website vorzunehmen, um Inhalte oder Designs zu aktualisieren, zu korrigieren, zu \u00e4ndern, hinzuzuf\u00fcgen oder zu entfernen. Da die Informationen nicht sofort aktualisiert werden, wird empfohlen, deren Aktualit\u00e4t zu \u00fcberpr\u00fcfen.<\/p>\n<h3 data-start=\"4019\" data-end=\"4048\"><strong>6. Recht auf Ausschluss<\/strong><\/h3>\n<p data-start=\"4050\" data-end=\"4272\">Der Inhaber beh\u00e4lt sich das Recht vor, den Zugang zur Website und\/oder zu angebotenen Diensten ohne vorherige Ank\u00fcndigung zu verweigern oder zu entziehen, falls Nutzer gegen die allgemeinen Nutzungsbedingungen versto\u00dfen.<\/p>\n<h3 data-start=\"4274\" data-end=\"4306\"><strong>7. Allgemeine Bestimmungen<\/strong><\/h3>\n<p data-start=\"4308\" data-end=\"4446\">Der Inhaber wird Verst\u00f6\u00dfe gegen diese Bedingungen sowie die missbr\u00e4uchliche Nutzung der Website mit allen rechtlichen Mitteln verfolgen.<\/p>\n<h3 data-start=\"4448\" data-end=\"4494\"><strong>8. \u00c4nderung der Bedingungen und Laufzeit<\/strong><\/h3>\n<p data-start=\"4496\" data-end=\"4643\">Die hier festgelegten Bedingungen k\u00f6nnen jederzeit ge\u00e4ndert und ver\u00f6ffentlicht werden. Sie bleiben in Kraft, bis sie durch andere ersetzt werden.<\/p>\n<h3 data-start=\"4645\" data-end=\"4689\"><strong>9. Anwendbares Recht und Gerichtsstand<\/strong><\/h3>\n<p data-start=\"4691\" data-end=\"4905\">Dieses Impressum unterliegt spanischem Recht. F\u00fcr die Beilegung von Streitigkeiten im Zusammenhang mit der Nutzung der Website unterwerfen sich die Parteien der Gerichtsbarkeit der Gerichte von Palma de Mallorca.<\/p>\n<p>[\/et_pb_text][\/et_pb_column][\/et_pb_row][et_pb_row _builder_version=&#8220;4.27.4&#8243; _module_preset=&#8220;default&#8220; max_width=&#8220;105px&#8220; custom_margin=&#8220;0px||||false|false&#8220; custom_padding=&#8220;2%||2%||true|false&#8220; animation_style=&#8220;fade&#8220; animation_duration=&#8220;2000ms&#8220; locked=&#8220;off&#8220; global_colors_info=&#8220;{}&#8220;][et_pb_column type=&#8220;4_4&#8243; _builder_version=&#8220;4.27.4&#8243; _module_preset=&#8220;default&#8220; global_colors_info=&#8220;{}&#8220;][et_pb_text _builder_version=&#8220;4.27.4&#8243; _module_preset=&#8220;default&#8220; text_font=&#8220;helvetica-neue|&#8211;et_global_heading_font_weight|||||||&#8220; text_text_color=&#8220;#B79249&#8243; text_font_size=&#8220;15px&#8220; text_letter_spacing=&#8220;0.5px&#8220; text_line_height=&#8220;1em&#8220; module_alignment=&#8220;center&#8220; custom_margin=&#8220;0px||0px||false|false&#8220; custom_margin_tablet=&#8220;0px||80px||false|false&#8220; custom_margin_phone=&#8220;||60px||false|false&#8220; custom_margin_last_edited=&#8220;on|tablet&#8220; custom_padding=&#8220;0px||7px||false|false&#8220; link_option_url=&#8220;https:\/\/rbkprime.com\/de\/&#8220; custom_css_main_element=&#8220;display:inline-block;&#8220; border_width_bottom=&#8220;1px&#8220; border_color_bottom=&#8220;#b79249&#8243; global_colors_info=&#8220;{}&#8220;]<\/p>\n<p><strong>Zur\u00fcck nach oben<\/strong><\/p>\n<p>[\/et_pb_text][\/et_pb_column][\/et_pb_row][\/et_pb_section]<\/p>\n","protected":false},"excerpt":{"rendered":"<p>Rechtliche HinweiseWir machen den Kauf einer Immobilie zu einem einfachen, sicheren und personalisierten Prozess.Der Inhaber der Website ist: RBK PRIME INVEST, S.L.CIF B19449412Steuerlicher Sitz: Plaza Rey Juan Carlos I, 3 ppal. 2\u00aa, 07012 Palma de Mallorca. Eintragungsdaten im Register Handelsregister von Palma de Mallorca, Folio 1000431316857, Blatt PM 10131, Eintragung 1 Vorherige beh\u00f6rdliche Genehmigung (falls [&hellip;]<\/p>\n","protected":false},"author":1,"featured_media":0,"parent":0,"menu_order":0,"comment_status":"closed","ping_status":"closed","template":"","meta":{"_et_pb_use_builder":"on","_et_pb_old_content":"","_et_gb_content_width":"","footnotes":""},"class_list":["post-260226","page","type-page","status-publish","hentry"],"yoast_head":"<!-- This site is optimized with the Yoast SEO plugin v27.2 - https:\/\/yoast.com\/product\/yoast-seo-wordpress\/ -->\n<title>Rechtliche Hinweise - RBK Prime<\/title>\n<meta name=\"robots\" content=\"noindex, nofollow\" \/>\n<meta property=\"og:locale\" content=\"de_DE\" \/>\n<meta property=\"og:type\" content=\"article\" \/>\n<meta property=\"og:title\" content=\"Rechtliche Hinweise - RBK Prime\" \/>\n<meta property=\"og:description\" content=\"Rechtliche HinweiseWir machen den Kauf einer Immobilie zu einem einfachen, sicheren und personalisierten Prozess.Der Inhaber der Website ist: RBK PRIME INVEST, S.L.CIF B19449412Steuerlicher Sitz: Plaza Rey Juan Carlos I, 3 ppal. 2\u00aa, 07012 Palma de Mallorca. Eintragungsdaten im Register Handelsregister von Palma de Mallorca, Folio 1000431316857, Blatt PM 10131, Eintragung 1 Vorherige beh\u00f6rdliche Genehmigung (falls [&hellip;]\" \/>\n<meta property=\"og:url\" content=\"https:\/\/rbkprime.com\/de\/rechtliche-hinweise\/\" \/>\n<meta property=\"og:site_name\" content=\"RBK Prime\" \/>\n<meta property=\"article:modified_time\" content=\"2025-04-08T08:01:15+00:00\" \/>\n<meta name=\"twitter:card\" content=\"summary_large_image\" \/>\n<meta name=\"twitter:label1\" content=\"Gesch\u00e4tzte Lesezeit\" \/>\n\t<meta name=\"twitter:data1\" content=\"6\u00a0Minuten\" \/>\n<script type=\"application\/ld+json\" class=\"yoast-schema-graph\">{\"@context\":\"https:\/\/schema.org\",\"@graph\":[{\"@type\":\"WebPage\",\"@id\":\"https:\/\/rbkprime.com\/de\/rechtliche-hinweise\/\",\"url\":\"https:\/\/rbkprime.com\/de\/rechtliche-hinweise\/\",\"name\":\"Rechtliche Hinweise - RBK Prime\",\"isPartOf\":{\"@id\":\"https:\/\/rbkprime.com\/de\/#website\"},\"datePublished\":\"2024-12-05T14:54:24+00:00\",\"dateModified\":\"2025-04-08T08:01:15+00:00\",\"breadcrumb\":{\"@id\":\"https:\/\/rbkprime.com\/de\/rechtliche-hinweise\/#breadcrumb\"},\"inLanguage\":\"de\",\"potentialAction\":[{\"@type\":\"ReadAction\",\"target\":[\"https:\/\/rbkprime.com\/de\/rechtliche-hinweise\/\"]}]},{\"@type\":\"BreadcrumbList\",\"@id\":\"https:\/\/rbkprime.com\/de\/rechtliche-hinweise\/#breadcrumb\",\"itemListElement\":[{\"@type\":\"ListItem\",\"position\":1,\"name\":\"Portada\",\"item\":\"https:\/\/rbkprime.com\/de\/\"},{\"@type\":\"ListItem\",\"position\":2,\"name\":\"Rechtliche Hinweise\"}]},{\"@type\":\"WebSite\",\"@id\":\"https:\/\/rbkprime.com\/de\/#website\",\"url\":\"https:\/\/rbkprime.com\/de\/\",\"name\":\"RBK Prime\",\"description\":\"International Real Estate\",\"potentialAction\":[{\"@type\":\"SearchAction\",\"target\":{\"@type\":\"EntryPoint\",\"urlTemplate\":\"https:\/\/rbkprime.com\/de\/?s={search_term_string}\"},\"query-input\":{\"@type\":\"PropertyValueSpecification\",\"valueRequired\":true,\"valueName\":\"search_term_string\"}}],\"inLanguage\":\"de\"}]}<\/script>\n<!-- \/ Yoast SEO plugin. -->","yoast_head_json":{"title":"Rechtliche Hinweise - RBK Prime","robots":{"index":"noindex","follow":"nofollow"},"og_locale":"de_DE","og_type":"article","og_title":"Rechtliche Hinweise - RBK Prime","og_description":"Rechtliche HinweiseWir machen den Kauf einer Immobilie zu einem einfachen, sicheren und personalisierten Prozess.Der Inhaber der Website ist: RBK PRIME INVEST, S.L.CIF B19449412Steuerlicher Sitz: Plaza Rey Juan Carlos I, 3 ppal. 2\u00aa, 07012 Palma de Mallorca. Eintragungsdaten im Register Handelsregister von Palma de Mallorca, Folio 1000431316857, Blatt PM 10131, Eintragung 1 Vorherige beh\u00f6rdliche Genehmigung (falls [&hellip;]","og_url":"https:\/\/rbkprime.com\/de\/rechtliche-hinweise\/","og_site_name":"RBK Prime","article_modified_time":"2025-04-08T08:01:15+00:00","twitter_card":"summary_large_image","twitter_misc":{"Gesch\u00e4tzte Lesezeit":"6\u00a0Minuten"},"schema":{"@context":"https:\/\/schema.org","@graph":[{"@type":"WebPage","@id":"https:\/\/rbkprime.com\/de\/rechtliche-hinweise\/","url":"https:\/\/rbkprime.com\/de\/rechtliche-hinweise\/","name":"Rechtliche Hinweise - RBK Prime","isPartOf":{"@id":"https:\/\/rbkprime.com\/de\/#website"},"datePublished":"2024-12-05T14:54:24+00:00","dateModified":"2025-04-08T08:01:15+00:00","breadcrumb":{"@id":"https:\/\/rbkprime.com\/de\/rechtliche-hinweise\/#breadcrumb"},"inLanguage":"de","potentialAction":[{"@type":"ReadAction","target":["https:\/\/rbkprime.com\/de\/rechtliche-hinweise\/"]}]},{"@type":"BreadcrumbList","@id":"https:\/\/rbkprime.com\/de\/rechtliche-hinweise\/#breadcrumb","itemListElement":[{"@type":"ListItem","position":1,"name":"Portada","item":"https:\/\/rbkprime.com\/de\/"},{"@type":"ListItem","position":2,"name":"Rechtliche Hinweise"}]},{"@type":"WebSite","@id":"https:\/\/rbkprime.com\/de\/#website","url":"https:\/\/rbkprime.com\/de\/","name":"RBK Prime","description":"International Real Estate","potentialAction":[{"@type":"SearchAction","target":{"@type":"EntryPoint","urlTemplate":"https:\/\/rbkprime.com\/de\/?s={search_term_string}"},"query-input":{"@type":"PropertyValueSpecification","valueRequired":true,"valueName":"search_term_string"}}],"inLanguage":"de"}]}},"_links":{"self":[{"href":"https:\/\/rbkprime.com\/de\/wp-json\/wp\/v2\/pages\/260226","targetHints":{"allow":["GET"]}}],"collection":[{"href":"https:\/\/rbkprime.com\/de\/wp-json\/wp\/v2\/pages"}],"about":[{"href":"https:\/\/rbkprime.com\/de\/wp-json\/wp\/v2\/types\/page"}],"author":[{"embeddable":true,"href":"https:\/\/rbkprime.com\/de\/wp-json\/wp\/v2\/users\/1"}],"replies":[{"embeddable":true,"href":"https:\/\/rbkprime.com\/de\/wp-json\/wp\/v2\/comments?post=260226"}],"version-history":[{"count":0,"href":"https:\/\/rbkprime.com\/de\/wp-json\/wp\/v2\/pages\/260226\/revisions"}],"wp:attachment":[{"href":"https:\/\/rbkprime.com\/de\/wp-json\/wp\/v2\/media?parent=260226"}],"curies":[{"name":"wp","href":"https:\/\/api.w.org\/{rel}","templated":true}]}}