{"id":260284,"date":"2025-01-28T18:40:37","date_gmt":"2025-01-28T18:40:37","guid":{"rendered":"https:\/\/rbkprime.com\/werde-mitglied-bei-rbk\/"},"modified":"2025-03-14T14:01:38","modified_gmt":"2025-03-14T14:01:38","slug":"werde-mitglied-bei-rbk","status":"publish","type":"page","link":"https:\/\/rbkprime.com\/de\/werde-mitglied-bei-rbk\/","title":{"rendered":"Werde Mitglied bei RBK"},"content":{"rendered":"<p>[et_pb_section fb_built=&#8220;1&#8243; custom_padding_last_edited=&#8220;on|phone&#8220; _builder_version=&#8220;4.27.4&#8243; _module_preset=&#8220;default&#8220; custom_padding=&#8220;220px||80px||false|false&#8220; custom_padding_tablet=&#8220;220px||80px||false|false&#8220; custom_padding_phone=&#8220;||20px||false|false&#8220; locked=&#8220;off&#8220; global_colors_info=&#8220;{}&#8220;][et_pb_row use_custom_gutter=&#8220;on&#8220; gutter_width=&#8220;2&#8243; _builder_version=&#8220;4.27.4&#8243; _module_preset=&#8220;default&#8220; width=&#8220;93%&#8220; width_tablet=&#8220;93%&#8220; width_phone=&#8220;90%&#8220; width_last_edited=&#8220;on|phone&#8220; max_width=&#8220;90%&#8220; custom_padding=&#8220;4%||4%||true|false&#8220; animation_style=&#8220;fade&#8220; animation_duration=&#8220;2000ms&#8220; border_color_top=&#8220;#BCBCBC&#8220; locked=&#8220;off&#8220; collapsed=&#8220;on&#8220; global_colors_info=&#8220;{}&#8220;][et_pb_column type=&#8220;4_4&#8243; _builder_version=&#8220;4.27.4&#8243; _module_preset=&#8220;default&#8220; background_color=&#8220;RGBA(255,255,255,0)&#8220; global_colors_info=&#8220;{}&#8220;][et_pb_text _builder_version=&#8220;4.27.4&#8243; _module_preset=&#8220;default&#8220; header_font=&#8220;GFS Didot|700|||||||&#8220; header_font_size=&#8220;64px&#8220; header_2_font=&#8220;GFS Didot|||on|||||&#8220; header_2_text_color=&#8220;#212124&#8243; header_2_font_size=&#8220;36px&#8220; header_2_letter_spacing=&#8220;2px&#8220; max_width=&#8220;1024px&#8220; module_alignment=&#8220;center&#8220; custom_margin=&#8220;0px||1%||false|false&#8220; custom_padding=&#8220;0px||0px||false|false&#8220; header_font_size_tablet=&#8220;32px&#8220; header_font_size_phone=&#8220;28px&#8220; header_font_size_last_edited=&#8220;on|phone&#8220; header_2_font_size_tablet=&#8220;32px&#8220; header_2_font_size_phone=&#8220;28px&#8220; header_2_font_size_last_edited=&#8220;on|desktop&#8220; global_colors_info=&#8220;{}&#8220;]<\/p>\n<h1 class=\"heading-style-h3\" style=\"text-align: center;\">Werde Mitglied bei RBK<\/h1>\n<p>[\/et_pb_text][et_pb_text _builder_version=&#8220;4.27.4&#8243; _module_preset=&#8220;default&#8220; text_text_color=&#8220;#0c0c0c&#8220; text_font_size=&#8220;18px&#8220; text_line_height=&#8220;1.4em&#8220; header_2_font=&#8220;helvetica||||||||&#8220; header_2_text_color=&#8220;#212124&#8243; header_2_font_size=&#8220;18px&#8220; header_2_line_height=&#8220;1.2em&#8220; max_width=&#8220;1024px&#8220; module_alignment=&#8220;center&#8220; custom_margin=&#8220;0px||0px||false|false&#8220; custom_padding=&#8220;0px||0px||false|false&#8220; text_font_size_tablet=&#8220;18px&#8220; text_font_size_phone=&#8220;16px&#8220; text_font_size_last_edited=&#8220;on|phone&#8220; global_colors_info=&#8220;{}&#8220;]<\/p>\n<p style=\"text-align: center;\">Wenn Sie Teil eines internationalen Netzwerks sein m\u00f6chten, das Ihnen die Freiheit gibt, ein Unternehmen mit der Unterst\u00fctzung einer globalen Marke zu gr\u00fcnden, ist RBK PRIME Ihre beste Option. Arbeiten Sie f\u00fcr sich selbst, aber nie allein. Unser Franchisemodell ist darauf ausgelegt, unsere Franchisenehmer auf dem Weg zum Erfolg zu unterst\u00fctzen und zu begleiten. Wir bieten ihnen die besten Werkzeuge und ein kooperatives Umfeld, das sie zum Erreichen neuer Ziele inspiriert.<\/p>\n<p>[\/et_pb_text][\/et_pb_column][\/et_pb_row][et_pb_row use_custom_gutter=&#8220;on&#8220; gutter_width=&#8220;2&#8243; _builder_version=&#8220;4.27.4&#8243; _module_preset=&#8220;default&#8220; width=&#8220;75%&#8220; width_tablet=&#8220;75%&#8220; width_phone=&#8220;90%&#8220; width_last_edited=&#8220;on|phone&#8220; max_width=&#8220;75%&#8220; max_width_tablet=&#8220;75%&#8220; max_width_phone=&#8220;90%&#8220; max_width_last_edited=&#8220;on|phone&#8220; animation_style=&#8220;fade&#8220; animation_duration=&#8220;2000ms&#8220; custom_css_main_element=&#8220;display: flex;&#8220; global_colors_info=&#8220;{}&#8220; custom_css_main_element_last_edited=&#8220;on|desktop&#8220; custom_css_main_element_phone=&#8220;display: inherit;||align-items: inherit;&#8220; custom_css_main_element_tablet=&#8220;display: inherit;||align-items: inherit;&#8220;][et_pb_column type=&#8220;4_4&#8243; _builder_version=&#8220;4.27.2&#8243; _module_preset=&#8220;default&#8220; global_colors_info=&#8220;{}&#8220;][et_pb_text _builder_version=&#8220;4.27.4&#8243; _module_preset=&#8220;default&#8220; text_font=&#8220;helvetica-neue||||||||&#8220; text_text_color=&#8220;#ffffff&#8220; text_font_size=&#8220;13px&#8220; text_line_height=&#8220;1em&#8220; background_color=&#8220;#B79249&#8243; custom_margin=&#8220;0px|10px|1%|0px|false|false&#8220; custom_padding=&#8220;5px|10px|5px|10px|false|false&#8220; custom_css_main_element=&#8220;display:inline-block;&#8220; border_radii=&#8220;on|6px|6px|6px|6px&#8220; border_width_all=&#8220;1px&#8220; border_color_all=&#8220;#B79249&#8243; locked=&#8220;off&#8220; global_colors_info=&#8220;{}&#8220;]<\/p>\n<p>Schreiben Sie uns<\/p>\n<p>[\/et_pb_text][et_pb_contact_form email=&#8220;info@rbkprime.com&#8220; custom_message=&#8220;Dies ist eine E-Mail, die wir \u00fcber das RBK PRIME-Mitmachformular erhalten haben &#8211; deutsche Sprache||et_pb_line_break_holder||||et_pb_line_break_holder||Nombre y Apellidos:%%Name%%||et_pb_line_break_holder||Email:%%Email%%||et_pb_line_break_holder||Phone:%%Phone%%||et_pb_line_break_holder||Profesional:%%Profesional%%||et_pb_line_break_holder||Mensaje:%%Message%%||et_pb_line_break_holder||LOPD:%%Consentimiento%%||et_pb_line_break_holder||LOPD_Datos:%%Consentimiento_Datos%%&#8220; use_redirect=&#8220;on&#8220; redirect_url=&#8220;https:\/\/rbkprime.com\/de\/danke\/&#8220; submit_button_text=&#8220;Schicken&#8220; _builder_version=&#8220;4.27.4&#8243; _module_preset=&#8220;default&#8220; _unique_id=&#8220;b9d436c2-9bcb-4d5f-8f76-a4266b695219&#8243; form_field_text_color=&#8220;#000000&#8243; form_field_focus_text_color=&#8220;#000000&#8243; captcha_font=&#8220;Manrope||||||||&#8220; captcha_font_size=&#8220;14px&#8220; captcha_letter_spacing=&#8220;2px&#8220; form_field_font=&#8220;helvetica-neue||||||||&#8220; form_field_font_size=&#8220;16px&#8220; form_field_letter_spacing=&#8220;0.5px&#8220; custom_button=&#8220;on&#8220; button_text_size=&#8220;15px&#8220; button_text_color=&#8220;#000000&#8243; button_bg_color=&#8220;RGBA(255,255,255,0)&#8220; button_border_width=&#8220;1px&#8220; button_border_color=&#8220;#212124&#8243; button_border_radius=&#8220;6px&#8220; button_letter_spacing=&#8220;0.4px&#8220; button_font=&#8220;helvetica-neue||||||||&#8220; button_use_icon=&#8220;off&#8220; button_custom_margin=&#8220;||0px||false|false&#8220; button_custom_margin_tablet=&#8220;25px||0px||false|false&#8220; button_custom_margin_phone=&#8220;0px||0px||false|false&#8220; button_custom_margin_last_edited=&#8220;off|desktop&#8220; button_custom_padding=&#8220;10px|24px|10px|24px|true|true&#8220; custom_margin=&#8220;1%||||false|false&#8220; hover_enabled=&#8220;0&#8243; border_radii=&#8220;on|6px|6px|6px|6px&#8220; global_colors_info=&#8220;{}&#8220; button_bg_color__hover=&#8220;#212124&#8243; button_bg_color__hover_enabled=&#8220;on|hover&#8220; button_letter_spacing__hover=&#8220;0px&#8220; button_letter_spacing__hover_enabled=&#8220;on|hover&#8220; button_text_color__hover_enabled=&#8220;on|desktop&#8220; button_text_color__hover=&#8220;#FFFFFF&#8220; button_bg_enable_color__hover=&#8220;on&#8220; button_text_size__hover=&#8220;15px&#8220; button_text_size__hover_enabled=&#8220;on|hover&#8220; button_border_color__hover=&#8220;#FFFFFF&#8220; button_border_color__hover_enabled=&#8220;on|hover&#8220; sticky_enabled=&#8220;0&#8243;][et_pb_contact_field field_id=&#8220;Name&#8220; field_title=&#8220;Vor- und Nachname * &#8220; fullwidth_field=&#8220;on&#8220; _builder_version=&#8220;4.27.4&#8243; global_colors_info=&#8220;{}&#8220; button_text_size__hover_enabled=&#8220;off&#8220; button_one_text_size__hover_enabled=&#8220;off&#8220; button_two_text_size__hover_enabled=&#8220;off&#8220; button_text_color__hover_enabled=&#8220;off&#8220; button_one_text_color__hover_enabled=&#8220;off&#8220; button_two_text_color__hover_enabled=&#8220;off&#8220; button_border_width__hover_enabled=&#8220;off&#8220; button_one_border_width__hover_enabled=&#8220;off&#8220; button_two_border_width__hover_enabled=&#8220;off&#8220; button_border_color__hover_enabled=&#8220;off&#8220; button_one_border_color__hover_enabled=&#8220;off&#8220; button_two_border_color__hover_enabled=&#8220;off&#8220; button_border_radius__hover_enabled=&#8220;off&#8220; button_one_border_radius__hover_enabled=&#8220;off&#8220; button_two_border_radius__hover_enabled=&#8220;off&#8220; button_letter_spacing__hover_enabled=&#8220;off&#8220; button_one_letter_spacing__hover_enabled=&#8220;off&#8220; button_two_letter_spacing__hover_enabled=&#8220;off&#8220; button_bg_color__hover_enabled=&#8220;off&#8220; button_one_bg_color__hover_enabled=&#8220;off&#8220; button_two_bg_color__hover_enabled=&#8220;off&#8220;][\/et_pb_contact_field][et_pb_contact_field field_id=&#8220;Email&#8220; field_title=&#8220;E-Mail *&#8220; field_type=&#8220;email&#8220; fullwidth_field=&#8220;on&#8220; _builder_version=&#8220;4.27.4&#8243; global_colors_info=&#8220;{}&#8220; button_text_size__hover_enabled=&#8220;off&#8220; button_one_text_size__hover_enabled=&#8220;off&#8220; button_two_text_size__hover_enabled=&#8220;off&#8220; button_text_color__hover_enabled=&#8220;off&#8220; button_one_text_color__hover_enabled=&#8220;off&#8220; button_two_text_color__hover_enabled=&#8220;off&#8220; button_border_width__hover_enabled=&#8220;off&#8220; button_one_border_width__hover_enabled=&#8220;off&#8220; button_two_border_width__hover_enabled=&#8220;off&#8220; button_border_color__hover_enabled=&#8220;off&#8220; button_one_border_color__hover_enabled=&#8220;off&#8220; button_two_border_color__hover_enabled=&#8220;off&#8220; button_border_radius__hover_enabled=&#8220;off&#8220; button_one_border_radius__hover_enabled=&#8220;off&#8220; button_two_border_radius__hover_enabled=&#8220;off&#8220; button_letter_spacing__hover_enabled=&#8220;off&#8220; button_one_letter_spacing__hover_enabled=&#8220;off&#8220; button_two_letter_spacing__hover_enabled=&#8220;off&#8220; button_bg_color__hover_enabled=&#8220;off&#8220; button_one_bg_color__hover_enabled=&#8220;off&#8220; button_two_bg_color__hover_enabled=&#8220;off&#8220;][\/et_pb_contact_field][et_pb_contact_field field_id=&#8220;Phone&#8220; field_title=&#8220;Telefon *&#8220; fullwidth_field=&#8220;on&#8220; _builder_version=&#8220;4.27.2&#8243; global_colors_info=&#8220;{}&#8220; button_text_size__hover_enabled=&#8220;off&#8220; button_one_text_size__hover_enabled=&#8220;off&#8220; button_two_text_size__hover_enabled=&#8220;off&#8220; button_text_color__hover_enabled=&#8220;off&#8220; button_one_text_color__hover_enabled=&#8220;off&#8220; button_two_text_color__hover_enabled=&#8220;off&#8220; button_border_width__hover_enabled=&#8220;off&#8220; button_one_border_width__hover_enabled=&#8220;off&#8220; button_two_border_width__hover_enabled=&#8220;off&#8220; button_border_color__hover_enabled=&#8220;off&#8220; button_one_border_color__hover_enabled=&#8220;off&#8220; button_two_border_color__hover_enabled=&#8220;off&#8220; button_border_radius__hover_enabled=&#8220;off&#8220; button_one_border_radius__hover_enabled=&#8220;off&#8220; button_two_border_radius__hover_enabled=&#8220;off&#8220; button_letter_spacing__hover_enabled=&#8220;off&#8220; button_one_letter_spacing__hover_enabled=&#8220;off&#8220; button_two_letter_spacing__hover_enabled=&#8220;off&#8220; button_bg_color__hover_enabled=&#8220;off&#8220; button_one_bg_color__hover_enabled=&#8220;off&#8220; button_two_bg_color__hover_enabled=&#8220;off&#8220;][\/et_pb_contact_field][et_pb_contact_field field_id=&#8220;Profesional&#8220; field_title=&#8220;Welche Art von Berufst\u00e4tigen sind Sie? *&#8220; field_type=&#8220;select&#8220; select_options=&#8220;%91{%22value%22:%22Erfahrener Verk\u00e4ufer%22,%22checked%22:0,%22dragID%22:-1},{%22value%22:%22Unerfahrener Verk\u00e4ufer%22,%22checked%22:0,%22dragID%22:0},{%22value%22:%22Teamassistenz%22,%22checked%22:0,%22dragID%22:1},{%22value%22:%22Entf\u00fchrer%22,%22checked%22:0,%22dragID%22:2},{%22value%22:%22Finanzberater%22,%22checked%22:0,%22dragID%22:3},{%22value%22:%22Trainer%22,%22checked%22:0,%22dragID%22:4},{%22value%22:%22Fotograf\/Videograf%22,%22checked%22:0,%22dragID%22:5},{%22value%22:%22Home Staging%22,%22checked%22:0,%22dragID%22:6},{%22value%22:%22Rechtsanwalt%22,%22checked%22:0,%22dragID%22:7},{%22value%22:%22Buchhalter%22,%22checked%22:0,%22dragID%22:8}%93&#8243; fullwidth_field=&#8220;on&#8220; _builder_version=&#8220;4.27.4&#8243; global_colors_info=&#8220;{}&#8220; button_text_size__hover_enabled=&#8220;off&#8220; button_one_text_size__hover_enabled=&#8220;off&#8220; button_two_text_size__hover_enabled=&#8220;off&#8220; button_text_color__hover_enabled=&#8220;off&#8220; button_one_text_color__hover_enabled=&#8220;off&#8220; button_two_text_color__hover_enabled=&#8220;off&#8220; button_border_width__hover_enabled=&#8220;off&#8220; button_one_border_width__hover_enabled=&#8220;off&#8220; button_two_border_width__hover_enabled=&#8220;off&#8220; button_border_color__hover_enabled=&#8220;off&#8220; button_one_border_color__hover_enabled=&#8220;off&#8220; button_two_border_color__hover_enabled=&#8220;off&#8220; button_border_radius__hover_enabled=&#8220;off&#8220; button_one_border_radius__hover_enabled=&#8220;off&#8220; button_two_border_radius__hover_enabled=&#8220;off&#8220; button_letter_spacing__hover_enabled=&#8220;off&#8220; button_one_letter_spacing__hover_enabled=&#8220;off&#8220; button_two_letter_spacing__hover_enabled=&#8220;off&#8220; button_bg_color__hover_enabled=&#8220;off&#8220; button_one_bg_color__hover_enabled=&#8220;off&#8220; button_two_bg_color__hover_enabled=&#8220;off&#8220;][\/et_pb_contact_field][et_pb_contact_field field_id=&#8220;Message&#8220; field_title=&#8220;Nachricht *&#8220; field_type=&#8220;text&#8220; fullwidth_field=&#8220;on&#8220; _builder_version=&#8220;4.27.4&#8243; global_colors_info=&#8220;{}&#8220; button_text_size__hover_enabled=&#8220;off&#8220; button_one_text_size__hover_enabled=&#8220;off&#8220; button_two_text_size__hover_enabled=&#8220;off&#8220; button_text_color__hover_enabled=&#8220;off&#8220; button_one_text_color__hover_enabled=&#8220;off&#8220; button_two_text_color__hover_enabled=&#8220;off&#8220; button_border_width__hover_enabled=&#8220;off&#8220; button_one_border_width__hover_enabled=&#8220;off&#8220; button_two_border_width__hover_enabled=&#8220;off&#8220; button_border_color__hover_enabled=&#8220;off&#8220; button_one_border_color__hover_enabled=&#8220;off&#8220; button_two_border_color__hover_enabled=&#8220;off&#8220; button_border_radius__hover_enabled=&#8220;off&#8220; button_one_border_radius__hover_enabled=&#8220;off&#8220; button_two_border_radius__hover_enabled=&#8220;off&#8220; button_letter_spacing__hover_enabled=&#8220;off&#8220; button_one_letter_spacing__hover_enabled=&#8220;off&#8220; button_two_letter_spacing__hover_enabled=&#8220;off&#8220; button_bg_color__hover_enabled=&#8220;off&#8220; button_one_bg_color__hover_enabled=&#8220;off&#8220; button_two_bg_color__hover_enabled=&#8220;off&#8220;][\/et_pb_contact_field][et_pb_contact_field field_id=&#8220;Consentimiento&#8220; field_title=&#8220; &#8220; field_type=&#8220;radio&#8220; radio_options=&#8220;%91{%22value%22:%22Ich habe alle Bedingungen der%22,%22checked%22:0,%22dragID%22:-1,%22link_text%22:%22Datenschutzrichtlinie%22,%22link_url%22:%22https:\/\/rbkprime.com\/de\/datenschutzrichtlinie\/%22}%93&#8243; fullwidth_field=&#8220;on&#8220; _builder_version=&#8220;4.27.4&#8243; hover_enabled=&#8220;0&#8243; global_colors_info=&#8220;{}&#8220; button_text_size__hover_enabled=&#8220;off&#8220; button_one_text_size__hover_enabled=&#8220;off&#8220; button_two_text_size__hover_enabled=&#8220;off&#8220; button_text_color__hover_enabled=&#8220;off&#8220; button_one_text_color__hover_enabled=&#8220;off&#8220; button_two_text_color__hover_enabled=&#8220;off&#8220; button_border_width__hover_enabled=&#8220;off&#8220; button_one_border_width__hover_enabled=&#8220;off&#8220; button_two_border_width__hover_enabled=&#8220;off&#8220; button_border_color__hover_enabled=&#8220;off&#8220; button_one_border_color__hover_enabled=&#8220;off&#8220; button_two_border_color__hover_enabled=&#8220;off&#8220; button_border_radius__hover_enabled=&#8220;off&#8220; button_one_border_radius__hover_enabled=&#8220;off&#8220; button_two_border_radius__hover_enabled=&#8220;off&#8220; button_letter_spacing__hover_enabled=&#8220;off&#8220; button_one_letter_spacing__hover_enabled=&#8220;off&#8220; button_two_letter_spacing__hover_enabled=&#8220;off&#8220; button_bg_color__hover_enabled=&#8220;off&#8220; button_one_bg_color__hover_enabled=&#8220;off&#8220; button_two_bg_color__hover_enabled=&#8220;off&#8220; sticky_enabled=&#8220;0&#8243;][\/et_pb_contact_field][et_pb_contact_field field_id=&#8220;Consentimiento_Datos&#8220; field_title=&#8220; &#8220; field_type=&#8220;radio&#8220; radio_options=&#8220;%91{%22value%22:%22Ich stimme der Verwendung meiner Daten zum Erhalt von Angeboten und sonstigen Informationen zu.%22,%22checked%22:0,%22dragID%22:0}%93&#8243; required_mark=&#8220;off&#8220; fullwidth_field=&#8220;on&#8220; _builder_version=&#8220;4.27.4&#8243; global_colors_info=&#8220;{}&#8220; button_text_size__hover_enabled=&#8220;off&#8220; button_one_text_size__hover_enabled=&#8220;off&#8220; button_two_text_size__hover_enabled=&#8220;off&#8220; button_text_color__hover_enabled=&#8220;off&#8220; button_one_text_color__hover_enabled=&#8220;off&#8220; button_two_text_color__hover_enabled=&#8220;off&#8220; button_border_width__hover_enabled=&#8220;off&#8220; button_one_border_width__hover_enabled=&#8220;off&#8220; button_two_border_width__hover_enabled=&#8220;off&#8220; button_border_color__hover_enabled=&#8220;off&#8220; button_one_border_color__hover_enabled=&#8220;off&#8220; button_two_border_color__hover_enabled=&#8220;off&#8220; button_border_radius__hover_enabled=&#8220;off&#8220; button_one_border_radius__hover_enabled=&#8220;off&#8220; button_two_border_radius__hover_enabled=&#8220;off&#8220; button_letter_spacing__hover_enabled=&#8220;off&#8220; button_one_letter_spacing__hover_enabled=&#8220;off&#8220; button_two_letter_spacing__hover_enabled=&#8220;off&#8220; button_bg_color__hover_enabled=&#8220;off&#8220; button_one_bg_color__hover_enabled=&#8220;off&#8220; button_two_bg_color__hover_enabled=&#8220;off&#8220;][\/et_pb_contact_field][\/et_pb_contact_form][\/et_pb_column][\/et_pb_row][\/et_pb_section]<\/p>\n","protected":false},"excerpt":{"rendered":"<p>Werde Mitglied bei RBKWenn Sie Teil eines internationalen Netzwerks sein m\u00f6chten, das Ihnen die Freiheit gibt, ein Unternehmen mit der Unterst\u00fctzung einer globalen Marke zu gr\u00fcnden, ist RBK PRIME Ihre beste Option. Arbeiten Sie f\u00fcr sich selbst, aber nie allein. Unser Franchisemodell ist darauf ausgelegt, unsere Franchisenehmer auf dem Weg zum Erfolg zu unterst\u00fctzen und [&hellip;]<\/p>\n","protected":false},"author":1,"featured_media":0,"parent":0,"menu_order":0,"comment_status":"closed","ping_status":"closed","template":"","meta":{"_et_pb_use_builder":"on","_et_pb_old_content":"","_et_gb_content_width":"","footnotes":""},"class_list":["post-260284","page","type-page","status-publish","hentry"],"yoast_head":"<!-- This site is optimized with the Yoast SEO plugin v27.2 - https:\/\/yoast.com\/product\/yoast-seo-wordpress\/ -->\n<title>Werde Mitglied bei RBK - RBK Prime<\/title>\n<meta name=\"robots\" content=\"index, follow, max-snippet:-1, max-image-preview:large, max-video-preview:-1\" \/>\n<link rel=\"canonical\" href=\"https:\/\/rbkprime.com\/de\/werde-mitglied-bei-rbk\/\" \/>\n<meta property=\"og:locale\" content=\"de_DE\" \/>\n<meta property=\"og:type\" content=\"article\" \/>\n<meta property=\"og:title\" content=\"Werde Mitglied bei RBK - RBK Prime\" \/>\n<meta property=\"og:description\" content=\"Werde Mitglied bei RBKWenn Sie Teil eines internationalen Netzwerks sein m\u00f6chten, das Ihnen die Freiheit gibt, ein Unternehmen mit der Unterst\u00fctzung einer globalen Marke zu gr\u00fcnden, ist RBK PRIME Ihre beste Option. Arbeiten Sie f\u00fcr sich selbst, aber nie allein. Unser Franchisemodell ist darauf ausgelegt, unsere Franchisenehmer auf dem Weg zum Erfolg zu unterst\u00fctzen und [&hellip;]\" \/>\n<meta property=\"og:url\" content=\"https:\/\/rbkprime.com\/de\/werde-mitglied-bei-rbk\/\" \/>\n<meta property=\"og:site_name\" content=\"RBK Prime\" \/>\n<meta property=\"article:modified_time\" content=\"2025-03-14T14:01:38+00:00\" \/>\n<meta name=\"twitter:card\" content=\"summary_large_image\" \/>\n<meta name=\"twitter:label1\" content=\"Gesch\u00e4tzte Lesezeit\" \/>\n\t<meta name=\"twitter:data1\" content=\"10\u00a0Minuten\" \/>\n<script type=\"application\/ld+json\" class=\"yoast-schema-graph\">{\"@context\":\"https:\/\/schema.org\",\"@graph\":[{\"@type\":\"WebPage\",\"@id\":\"https:\/\/rbkprime.com\/de\/werde-mitglied-bei-rbk\/\",\"url\":\"https:\/\/rbkprime.com\/de\/werde-mitglied-bei-rbk\/\",\"name\":\"Werde Mitglied bei RBK - RBK Prime\",\"isPartOf\":{\"@id\":\"https:\/\/rbkprime.com\/de\/#website\"},\"datePublished\":\"2025-01-28T18:40:37+00:00\",\"dateModified\":\"2025-03-14T14:01:38+00:00\",\"breadcrumb\":{\"@id\":\"https:\/\/rbkprime.com\/de\/werde-mitglied-bei-rbk\/#breadcrumb\"},\"inLanguage\":\"de\",\"potentialAction\":[{\"@type\":\"ReadAction\",\"target\":[\"https:\/\/rbkprime.com\/de\/werde-mitglied-bei-rbk\/\"]}]},{\"@type\":\"BreadcrumbList\",\"@id\":\"https:\/\/rbkprime.com\/de\/werde-mitglied-bei-rbk\/#breadcrumb\",\"itemListElement\":[{\"@type\":\"ListItem\",\"position\":1,\"name\":\"Portada\",\"item\":\"https:\/\/rbkprime.com\/de\/\"},{\"@type\":\"ListItem\",\"position\":2,\"name\":\"Werde Mitglied bei RBK\"}]},{\"@type\":\"WebSite\",\"@id\":\"https:\/\/rbkprime.com\/de\/#website\",\"url\":\"https:\/\/rbkprime.com\/de\/\",\"name\":\"RBK Prime\",\"description\":\"International Real Estate\",\"potentialAction\":[{\"@type\":\"SearchAction\",\"target\":{\"@type\":\"EntryPoint\",\"urlTemplate\":\"https:\/\/rbkprime.com\/de\/?s={search_term_string}\"},\"query-input\":{\"@type\":\"PropertyValueSpecification\",\"valueRequired\":true,\"valueName\":\"search_term_string\"}}],\"inLanguage\":\"de\"}]}<\/script>\n<!-- \/ Yoast SEO plugin. -->","yoast_head_json":{"title":"Werde Mitglied bei RBK - RBK Prime","robots":{"index":"index","follow":"follow","max-snippet":"max-snippet:-1","max-image-preview":"max-image-preview:large","max-video-preview":"max-video-preview:-1"},"canonical":"https:\/\/rbkprime.com\/de\/werde-mitglied-bei-rbk\/","og_locale":"de_DE","og_type":"article","og_title":"Werde Mitglied bei RBK - RBK Prime","og_description":"Werde Mitglied bei RBKWenn Sie Teil eines internationalen Netzwerks sein m\u00f6chten, das Ihnen die Freiheit gibt, ein Unternehmen mit der Unterst\u00fctzung einer globalen Marke zu gr\u00fcnden, ist RBK PRIME Ihre beste Option. Arbeiten Sie f\u00fcr sich selbst, aber nie allein. Unser Franchisemodell ist darauf ausgelegt, unsere Franchisenehmer auf dem Weg zum Erfolg zu unterst\u00fctzen und [&hellip;]","og_url":"https:\/\/rbkprime.com\/de\/werde-mitglied-bei-rbk\/","og_site_name":"RBK Prime","article_modified_time":"2025-03-14T14:01:38+00:00","twitter_card":"summary_large_image","twitter_misc":{"Gesch\u00e4tzte Lesezeit":"10\u00a0Minuten"},"schema":{"@context":"https:\/\/schema.org","@graph":[{"@type":"WebPage","@id":"https:\/\/rbkprime.com\/de\/werde-mitglied-bei-rbk\/","url":"https:\/\/rbkprime.com\/de\/werde-mitglied-bei-rbk\/","name":"Werde Mitglied bei RBK - RBK Prime","isPartOf":{"@id":"https:\/\/rbkprime.com\/de\/#website"},"datePublished":"2025-01-28T18:40:37+00:00","dateModified":"2025-03-14T14:01:38+00:00","breadcrumb":{"@id":"https:\/\/rbkprime.com\/de\/werde-mitglied-bei-rbk\/#breadcrumb"},"inLanguage":"de","potentialAction":[{"@type":"ReadAction","target":["https:\/\/rbkprime.com\/de\/werde-mitglied-bei-rbk\/"]}]},{"@type":"BreadcrumbList","@id":"https:\/\/rbkprime.com\/de\/werde-mitglied-bei-rbk\/#breadcrumb","itemListElement":[{"@type":"ListItem","position":1,"name":"Portada","item":"https:\/\/rbkprime.com\/de\/"},{"@type":"ListItem","position":2,"name":"Werde Mitglied bei RBK"}]},{"@type":"WebSite","@id":"https:\/\/rbkprime.com\/de\/#website","url":"https:\/\/rbkprime.com\/de\/","name":"RBK Prime","description":"International Real Estate","potentialAction":[{"@type":"SearchAction","target":{"@type":"EntryPoint","urlTemplate":"https:\/\/rbkprime.com\/de\/?s={search_term_string}"},"query-input":{"@type":"PropertyValueSpecification","valueRequired":true,"valueName":"search_term_string"}}],"inLanguage":"de"}]}},"_links":{"self":[{"href":"https:\/\/rbkprime.com\/de\/wp-json\/wp\/v2\/pages\/260284","targetHints":{"allow":["GET"]}}],"collection":[{"href":"https:\/\/rbkprime.com\/de\/wp-json\/wp\/v2\/pages"}],"about":[{"href":"https:\/\/rbkprime.com\/de\/wp-json\/wp\/v2\/types\/page"}],"author":[{"embeddable":true,"href":"https:\/\/rbkprime.com\/de\/wp-json\/wp\/v2\/users\/1"}],"replies":[{"embeddable":true,"href":"https:\/\/rbkprime.com\/de\/wp-json\/wp\/v2\/comments?post=260284"}],"version-history":[{"count":0,"href":"https:\/\/rbkprime.com\/de\/wp-json\/wp\/v2\/pages\/260284\/revisions"}],"wp:attachment":[{"href":"https:\/\/rbkprime.com\/de\/wp-json\/wp\/v2\/media?parent=260284"}],"curies":[{"name":"wp","href":"https:\/\/api.w.org\/{rel}","templated":true}]}}