{"id":260302,"date":"2025-01-09T07:09:54","date_gmt":"2025-01-09T07:09:54","guid":{"rendered":"https:\/\/rbkprime.com\/neubau\/"},"modified":"2025-03-07T13:01:27","modified_gmt":"2025-03-07T13:01:27","slug":"neubau","status":"publish","type":"page","link":"https:\/\/rbkprime.com\/de\/neubau\/","title":{"rendered":"Neubau"},"content":{"rendered":"<p>[et_pb_section fb_built=&#8220;1&#8243; admin_label=&#8220;Propiedades Destacadas&#8220; module_id=&#8220;PropiedadesDestacadas&#8220; _builder_version=&#8220;4.27.4&#8243; _module_preset=&#8220;default&#8220; custom_margin=&#8220;||||false|false&#8220; custom_padding=&#8220;220px||||false|false&#8220; locked=&#8220;off&#8220; collapsed=&#8220;off&#8220; global_colors_info=&#8220;{}&#8220; button_text_size__hover_enabled=&#8220;on|hover&#8220; button_text_color__hover=&#8220;#212124&#8243; button_text_color__hover_enabled=&#8220;on|desktop&#8220; button_bg_color__hover=&#8220;#FFFFFF&#8220; button_bg_color__hover_enabled=&#8220;on|desktop&#8220; button_border_color__hover=&#8220;#FFFFFF&#8220; button_border_color__hover_enabled=&#8220;on|hover&#8220; button_text_size__hover=&#8220;15px&#8220;][et_pb_row use_custom_gutter=&#8220;on&#8220; gutter_width=&#8220;2&#8243; _builder_version=&#8220;4.27.4&#8243; _module_preset=&#8220;default&#8220; width=&#8220;93%&#8220; width_tablet=&#8220;93%&#8220; width_phone=&#8220;93%&#8220; width_last_edited=&#8220;on|phone&#8220; max_width=&#8220;93%&#8220; custom_padding=&#8220;4%||4%||true|false&#8220; animation_style=&#8220;fade&#8220; animation_duration=&#8220;2000ms&#8220; border_color_top=&#8220;#BCBCBC&#8220; locked=&#8220;off&#8220; collapsed=&#8220;off&#8220; global_colors_info=&#8220;{}&#8220;][et_pb_column type=&#8220;4_4&#8243; _builder_version=&#8220;4.27.4&#8243; _module_preset=&#8220;default&#8220; background_color=&#8220;RGBA(255,255,255,0)&#8220; global_colors_info=&#8220;{}&#8220;][et_pb_text _builder_version=&#8220;4.27.4&#8243; _module_preset=&#8220;default&#8220; header_font=&#8220;GFS Didot||||||||&#8220; header_font_size=&#8220;64px&#8220; header_2_font=&#8220;GFS Didot|||on|||||&#8220; header_2_text_color=&#8220;#212124&#8243; header_2_font_size=&#8220;36px&#8220; header_2_letter_spacing=&#8220;2px&#8220; custom_margin=&#8220;0px||1%||false|false&#8220; custom_padding=&#8220;0px||0px||false|false&#8220; header_font_size_tablet=&#8220;46px&#8220; header_font_size_phone=&#8220;42px&#8220; header_font_size_last_edited=&#8220;on|phone&#8220; header_2_font_size_tablet=&#8220;32px&#8220; header_2_font_size_phone=&#8220;28px&#8220; header_2_font_size_last_edited=&#8220;on|desktop&#8220; global_colors_info=&#8220;{}&#8220;]<\/p>\n<h1 class=\"heading-style-h3\" style=\"text-align: center;\">Neubau<\/h1>\n<p>[\/et_pb_text][et_pb_text _builder_version=&#8220;4.27.4&#8243; _module_preset=&#8220;default&#8220; text_text_color=&#8220;#0c0c0c&#8220; text_font_size=&#8220;18px&#8220; text_line_height=&#8220;1.4em&#8220; header_2_font=&#8220;helvetica||||||||&#8220; header_2_text_color=&#8220;#212124&#8243; header_2_font_size=&#8220;18px&#8220; header_2_line_height=&#8220;1.2em&#8220; max_width=&#8220;720px&#8220; module_alignment=&#8220;center&#8220; custom_margin=&#8220;0px||0px||false|false&#8220; custom_padding=&#8220;0px||0px||false|false&#8220; text_font_size_tablet=&#8220;18px&#8220; text_font_size_phone=&#8220;16px&#8220; text_font_size_last_edited=&#8220;on|phone&#8220; global_colors_info=&#8220;{}&#8220;]<\/p>\n<p style=\"text-align: center;\">Entdecken Sie unsere ausgew\u00e4hlte Sammlung zum Verkauf stehender Neubauimmobilien, die Ihnen ein H\u00f6chstma\u00df an Komfort, Stil und Modernit\u00e4t bieten. Profitieren Sie von einer pers\u00f6nlichen Beratung, die Sie durch jeden Schritt des Prozesses f\u00fchrt und sicherstellt, dass Sie das ideale Zuhause finden, <strong>das Ihren Bed\u00fcrfnissen und W\u00fcnschen entspricht.<\/strong><\/p>\n<p>[\/et_pb_text][\/et_pb_column][\/et_pb_row][et_pb_row use_custom_gutter=&#8220;on&#8220; gutter_width=&#8220;2&#8243; _builder_version=&#8220;4.27.4&#8243; _module_preset=&#8220;default&#8220; width=&#8220;93%&#8220; max_width=&#8220;93%&#8220; custom_padding=&#8220;40px||||false|false&#8220; animation_style=&#8220;fade&#8220; animation_duration=&#8220;2000ms&#8220; collapsed=&#8220;off&#8220; global_colors_info=&#8220;{}&#8220;][et_pb_column type=&#8220;4_4&#8243; _builder_version=&#8220;4.27.4&#8243; _module_preset=&#8220;default&#8220; global_colors_info=&#8220;{}&#8220;][et_pb_text _builder_version=&#8220;4.27.4&#8243; _module_preset=&#8220;default&#8220; hover_enabled=&#8220;0&#8243; global_colors_info=&#8220;{}&#8220; sticky_enabled=&#8220;0&#8243;]<\/p>\n<p><span>    <div data-search-form-selector='.js-es-search:not(.es-search--ignore-ajax)'>\n\n<div class=\"es-properties js-es-properties js-es-entities-wrap es-properties--hfm--full-width\">\n    \n    <div class=\"es-properties__list\">\n\t    \n<div class=\"es-listings__wrap-inner js-es-listings__wrap-inner js-es-entities__wrap_inner et_smooth_scroll_disabled\">\n    \n    <div data-entity=\"listings\" class=\"js-es-listings js-es-entities es-listings es-listings--grid-3\" data-layout=\"es-listings--grid-3\" data-hash=\"bGF5b3V0PWdyaWQtMyZwb3N0c19wZXJfcGFnZT00MCZkaXNhYmxlX25hdmJhcj0wJnNob3dfc29ydD0mc2hvd190b3RhbD0xJnNob3dfcGFnZV90aXRsZT0xJnNob3dfY2F0ZWdvcmllcz0wJnNob3dfbGF5b3V0cz0xJnNvcnQ9bmV3ZXN0JmxpbWl0PTAmbG9vcF91aWQ9MSZwYWdlX3RpdGxlPU5ldWJhdSZpZ25vcmVfc2VhcmNoPTAmc2VhcmNoX2Zvcm1fc2VsZWN0b3I9LmpzLWVzLXNlYXJjaDpub3QoLmVzLXNlYXJjaC0taWdub3JlLWFqYXgpJmVuYWJsZV9zZWFyY2g9MCZzZWFyY2hfdHlwZT1zaW1wbGUmZW5hYmxlX2FqYXg9MSZ2aWV3X2FsbF9saW5rX25hbWU9QWxsZSBhbnNlaGVuJmRpc2FibGVfcGFnaW5hdGlvbj0wJndpc2hsaXN0X2NvbmZpcm09MCZoZm1fZnVsbF93aWR0aD0xJl9pZ25vcmVfY29vcmRpbmF0ZXM9MCZmaWVsZHNfZGVsaW1pdGVyPSwmc3RyaWN0X2FkZHJlc3M9MCZtYXBfc2hvdz0wJmF1dGhvcnM9MCZ3MzRfd2lzaGxpc3Q9MCZlc19jYXRlZ29yeT0zMTg=\">\n            <\/div>\n\t        <div class=\"es-no-found-posts\">\n\t<h2 class=\"es-no-found-posts__title heading-font\">Keine Ergebnisse<\/h2>\n\t<p class=\"content-font\">Passen Sie Ihre Suche an, indem Sie die Filter \u00e4ndern.<\/p>\n    <\/div>\n        <\/div>\n    <\/div>\n    <div class=\"js-es-properties__map es-properties__map \">\n\t        <div class=\"js-es-map es-map\" style=\"\" data-listings=\"[]\"><\/div>\n    <\/div>\n<\/div>\n\n    <\/div>\n<\/span><\/p>\n<p>[\/et_pb_text][\/et_pb_column][\/et_pb_row][\/et_pb_section]<\/p>\n","protected":false},"excerpt":{"rendered":"<p>NeubauEntdecken Sie unsere ausgew\u00e4hlte Sammlung zum Verkauf stehender Neubauimmobilien, die Ihnen ein H\u00f6chstma\u00df an Komfort, Stil und Modernit\u00e4t bieten. Profitieren Sie von einer pers\u00f6nlichen Beratung, die Sie durch jeden Schritt des Prozesses f\u00fchrt und sicherstellt, dass Sie das ideale Zuhause finden, das Ihren Bed\u00fcrfnissen und W\u00fcnschen entspricht.    <div data-search-form-selector='.js-es-search:not(.es-search--ignore-ajax)'>\n\n<div class=\"es-properties js-es-properties js-es-entities-wrap es-properties--hfm--full-width\">\n    \n    <div class=\"es-properties__list\">\n\t    \n<div class=\"es-listings__wrap-inner js-es-listings__wrap-inner js-es-entities__wrap_inner et_smooth_scroll_disabled\">\n    \n    <div data-entity=\"listings\" class=\"js-es-listings js-es-entities es-listings es-listings--grid-3\" data-layout=\"es-listings--grid-3\" data-hash=\"bGF5b3V0PWdyaWQtMyZwb3N0c19wZXJfcGFnZT00MCZkaXNhYmxlX25hdmJhcj0wJnNob3dfc29ydD0mc2hvd190b3RhbD0xJnNob3dfcGFnZV90aXRsZT0xJnNob3dfY2F0ZWdvcmllcz0wJnNob3dfbGF5b3V0cz0xJnNvcnQ9bmV3ZXN0JmxpbWl0PTAmbG9vcF91aWQ9MiZwYWdlX3RpdGxlPU5ldWJhdSZpZ25vcmVfc2VhcmNoPTAmc2VhcmNoX2Zvcm1fc2VsZWN0b3I9LmpzLWVzLXNlYXJjaDpub3QoLmVzLXNlYXJjaC0taWdub3JlLWFqYXgpJmVuYWJsZV9zZWFyY2g9MCZzZWFyY2hfdHlwZT1zaW1wbGUmZW5hYmxlX2FqYXg9MSZ2aWV3X2FsbF9saW5rX25hbWU9QWxsZSBhbnNlaGVuJmRpc2FibGVfcGFnaW5hdGlvbj0wJndpc2hsaXN0X2NvbmZpcm09MCZoZm1fZnVsbF93aWR0aD0xJl9pZ25vcmVfY29vcmRpbmF0ZXM9MCZmaWVsZHNfZGVsaW1pdGVyPSwmc3RyaWN0X2FkZHJlc3M9MCZtYXBfc2hvdz0wJmF1dGhvcnM9MCZ3MzRfd2lzaGxpc3Q9MCZlc19jYXRlZ29yeT0zMTg=\">\n            <\/div>\n\t        <div class=\"es-no-found-posts\">\n\t<h2 class=\"es-no-found-posts__title heading-font\">Keine Ergebnisse<\/h2>\n\t<p class=\"content-font\">Passen Sie Ihre Suche an, indem Sie die Filter \u00e4ndern.<\/p>\n    <\/div>\n        <\/div>\n    <\/div>\n    <div class=\"js-es-properties__map es-properties__map \">\n\t        <div class=\"js-es-map es-map\" style=\"\" data-listings=\"[]\"><\/div>\n    <\/div>\n<\/div>\n\n    <\/div>\n<\/p>\n","protected":false},"author":1,"featured_media":0,"parent":0,"menu_order":0,"comment_status":"closed","ping_status":"closed","template":"","meta":{"_et_pb_use_builder":"on","_et_pb_old_content":"","_et_gb_content_width":"","footnotes":""},"class_list":["post-260302","page","type-page","status-publish","hentry"],"yoast_head":"<!-- This site is optimized with the Yoast SEO plugin v27.5 - https:\/\/yoast.com\/product\/yoast-seo-wordpress\/ -->\n<title>Neubau - RBK Prime<\/title>\n<meta name=\"robots\" content=\"index, follow, max-snippet:-1, max-image-preview:large, max-video-preview:-1\" \/>\n<link rel=\"canonical\" href=\"https:\/\/rbkprime.com\/de\/neubau\/\" \/>\n<meta property=\"og:locale\" content=\"de_DE\" \/>\n<meta property=\"og:type\" content=\"article\" \/>\n<meta property=\"og:title\" content=\"Neubau - RBK Prime\" \/>\n<meta property=\"og:description\" content=\"NeubauEntdecken Sie unsere ausgew\u00e4hlte Sammlung zum Verkauf stehender Neubauimmobilien, die Ihnen ein H\u00f6chstma\u00df an Komfort, Stil und Modernit\u00e4t bieten. Profitieren Sie von einer pers\u00f6nlichen Beratung, die Sie durch jeden Schritt des Prozesses f\u00fchrt und sicherstellt, dass Sie das ideale Zuhause finden, das Ihren Bed\u00fcrfnissen und W\u00fcnschen entspricht.\" \/>\n<meta property=\"og:url\" content=\"https:\/\/rbkprime.com\/de\/neubau\/\" \/>\n<meta property=\"og:site_name\" content=\"RBK Prime\" \/>\n<meta property=\"article:modified_time\" content=\"2025-03-07T13:01:27+00:00\" \/>\n<meta name=\"twitter:card\" content=\"summary_large_image\" \/>\n<meta name=\"twitter:label1\" content=\"Gesch\u00e4tzte Lesezeit\" \/>\n\t<meta name=\"twitter:data1\" content=\"2\u00a0Minuten\" \/>\n<script type=\"application\/ld+json\" class=\"yoast-schema-graph\">{\"@context\":\"https:\\\/\\\/schema.org\",\"@graph\":[{\"@type\":\"WebPage\",\"@id\":\"https:\\\/\\\/rbkprime.com\\\/de\\\/neubau\\\/\",\"url\":\"https:\\\/\\\/rbkprime.com\\\/de\\\/neubau\\\/\",\"name\":\"Neubau - RBK Prime\",\"isPartOf\":{\"@id\":\"https:\\\/\\\/rbkprime.com\\\/de\\\/#website\"},\"datePublished\":\"2025-01-09T07:09:54+00:00\",\"dateModified\":\"2025-03-07T13:01:27+00:00\",\"breadcrumb\":{\"@id\":\"https:\\\/\\\/rbkprime.com\\\/de\\\/neubau\\\/#breadcrumb\"},\"inLanguage\":\"de\",\"potentialAction\":[{\"@type\":\"ReadAction\",\"target\":[\"https:\\\/\\\/rbkprime.com\\\/de\\\/neubau\\\/\"]}]},{\"@type\":\"BreadcrumbList\",\"@id\":\"https:\\\/\\\/rbkprime.com\\\/de\\\/neubau\\\/#breadcrumb\",\"itemListElement\":[{\"@type\":\"ListItem\",\"position\":1,\"name\":\"Portada\",\"item\":\"https:\\\/\\\/rbkprime.com\\\/de\\\/\"},{\"@type\":\"ListItem\",\"position\":2,\"name\":\"Neubau\"}]},{\"@type\":\"WebSite\",\"@id\":\"https:\\\/\\\/rbkprime.com\\\/de\\\/#website\",\"url\":\"https:\\\/\\\/rbkprime.com\\\/de\\\/\",\"name\":\"RBK Prime\",\"description\":\"International Real Estate\",\"potentialAction\":[{\"@type\":\"SearchAction\",\"target\":{\"@type\":\"EntryPoint\",\"urlTemplate\":\"https:\\\/\\\/rbkprime.com\\\/de\\\/?s={search_term_string}\"},\"query-input\":{\"@type\":\"PropertyValueSpecification\",\"valueRequired\":true,\"valueName\":\"search_term_string\"}}],\"inLanguage\":\"de\"}]}<\/script>\n<!-- \/ Yoast SEO plugin. -->","yoast_head_json":{"title":"Neubau - RBK Prime","robots":{"index":"index","follow":"follow","max-snippet":"max-snippet:-1","max-image-preview":"max-image-preview:large","max-video-preview":"max-video-preview:-1"},"canonical":"https:\/\/rbkprime.com\/de\/neubau\/","og_locale":"de_DE","og_type":"article","og_title":"Neubau - RBK Prime","og_description":"NeubauEntdecken Sie unsere ausgew\u00e4hlte Sammlung zum Verkauf stehender Neubauimmobilien, die Ihnen ein H\u00f6chstma\u00df an Komfort, Stil und Modernit\u00e4t bieten. Profitieren Sie von einer pers\u00f6nlichen Beratung, die Sie durch jeden Schritt des Prozesses f\u00fchrt und sicherstellt, dass Sie das ideale Zuhause finden, das Ihren Bed\u00fcrfnissen und W\u00fcnschen entspricht.","og_url":"https:\/\/rbkprime.com\/de\/neubau\/","og_site_name":"RBK Prime","article_modified_time":"2025-03-07T13:01:27+00:00","twitter_card":"summary_large_image","twitter_misc":{"Gesch\u00e4tzte Lesezeit":"2\u00a0Minuten"},"schema":{"@context":"https:\/\/schema.org","@graph":[{"@type":"WebPage","@id":"https:\/\/rbkprime.com\/de\/neubau\/","url":"https:\/\/rbkprime.com\/de\/neubau\/","name":"Neubau - RBK Prime","isPartOf":{"@id":"https:\/\/rbkprime.com\/de\/#website"},"datePublished":"2025-01-09T07:09:54+00:00","dateModified":"2025-03-07T13:01:27+00:00","breadcrumb":{"@id":"https:\/\/rbkprime.com\/de\/neubau\/#breadcrumb"},"inLanguage":"de","potentialAction":[{"@type":"ReadAction","target":["https:\/\/rbkprime.com\/de\/neubau\/"]}]},{"@type":"BreadcrumbList","@id":"https:\/\/rbkprime.com\/de\/neubau\/#breadcrumb","itemListElement":[{"@type":"ListItem","position":1,"name":"Portada","item":"https:\/\/rbkprime.com\/de\/"},{"@type":"ListItem","position":2,"name":"Neubau"}]},{"@type":"WebSite","@id":"https:\/\/rbkprime.com\/de\/#website","url":"https:\/\/rbkprime.com\/de\/","name":"RBK Prime","description":"International Real Estate","potentialAction":[{"@type":"SearchAction","target":{"@type":"EntryPoint","urlTemplate":"https:\/\/rbkprime.com\/de\/?s={search_term_string}"},"query-input":{"@type":"PropertyValueSpecification","valueRequired":true,"valueName":"search_term_string"}}],"inLanguage":"de"}]}},"_links":{"self":[{"href":"https:\/\/rbkprime.com\/de\/wp-json\/wp\/v2\/pages\/260302","targetHints":{"allow":["GET"]}}],"collection":[{"href":"https:\/\/rbkprime.com\/de\/wp-json\/wp\/v2\/pages"}],"about":[{"href":"https:\/\/rbkprime.com\/de\/wp-json\/wp\/v2\/types\/page"}],"author":[{"embeddable":true,"href":"https:\/\/rbkprime.com\/de\/wp-json\/wp\/v2\/users\/1"}],"replies":[{"embeddable":true,"href":"https:\/\/rbkprime.com\/de\/wp-json\/wp\/v2\/comments?post=260302"}],"version-history":[{"count":0,"href":"https:\/\/rbkprime.com\/de\/wp-json\/wp\/v2\/pages\/260302\/revisions"}],"wp:attachment":[{"href":"https:\/\/rbkprime.com\/de\/wp-json\/wp\/v2\/media?parent=260302"}],"curies":[{"name":"wp","href":"https:\/\/api.w.org\/{rel}","templated":true}]}}