{"id":260311,"date":"2024-12-05T14:54:05","date_gmt":"2024-12-05T14:54:05","guid":{"rendered":"https:\/\/rbkprime.com\/cookie-richtlinie\/"},"modified":"2025-04-08T07:39:24","modified_gmt":"2025-04-08T07:39:24","slug":"cookie-richtlinie","status":"publish","type":"page","link":"https:\/\/rbkprime.com\/de\/cookie-richtlinie\/","title":{"rendered":"Cookie-Richtlinie"},"content":{"rendered":"<p>[et_pb_section fb_built=&#8220;1&#8243; admin_label=&#8220;Pol\u00edtica de Cookies&#8220; module_id=&#8220;PropiedadesDestacadas&#8220; _builder_version=&#8220;4.27.4&#8243; _module_preset=&#8220;default&#8220; background_color=&#8220;rgba(243,243,243,0.3)&#8220; custom_margin=&#8220;||||false|false&#8220; custom_padding=&#8220;220px||20px||false|false&#8220; hover_enabled=&#8220;0&#8243; locked=&#8220;off&#8220; collapsed=&#8220;off&#8220; global_colors_info=&#8220;{}&#8220; button_text_size__hover_enabled=&#8220;on|hover&#8220; button_text_color__hover=&#8220;#212124&#8243; button_text_color__hover_enabled=&#8220;on|desktop&#8220; button_bg_color__hover=&#8220;#FFFFFF&#8220; button_bg_color__hover_enabled=&#8220;on|desktop&#8220; button_border_color__hover=&#8220;#FFFFFF&#8220; button_border_color__hover_enabled=&#8220;on|hover&#8220; button_text_size__hover=&#8220;15px&#8220; custom_padding_last_edited=&#8220;on|phone&#8220; sticky_enabled=&#8220;0&#8243; custom_padding_tablet=&#8220;80px||||false|false&#8220; custom_padding_phone=&#8220;80px||||false|false&#8220;][et_pb_row use_custom_gutter=&#8220;on&#8220; gutter_width=&#8220;2&#8243; _builder_version=&#8220;4.27.4&#8243; _module_preset=&#8220;default&#8220; width=&#8220;93%&#8220; width_tablet=&#8220;93%&#8220; width_phone=&#8220;90%&#8220; width_last_edited=&#8220;on|phone&#8220; max_width=&#8220;90%&#8220; custom_padding=&#8220;4%||4%||true|false&#8220; animation_style=&#8220;fade&#8220; animation_duration=&#8220;2000ms&#8220; border_color_top=&#8220;#BCBCBC&#8220; global_colors_info=&#8220;{}&#8220;][et_pb_column type=&#8220;4_4&#8243; _builder_version=&#8220;4.27.4&#8243; _module_preset=&#8220;default&#8220; background_color=&#8220;RGBA(255,255,255,0)&#8220; global_colors_info=&#8220;{}&#8220;][et_pb_text _builder_version=&#8220;4.27.4&#8243; _module_preset=&#8220;default&#8220; header_2_font=&#8220;didot-title|700|||||||&#8220; header_2_text_align=&#8220;left&#8220; header_2_text_color=&#8220;#0c0c0c&#8220; header_2_font_size=&#8220;64px&#8220; header_2_letter_spacing=&#8220;-0.5px&#8220; max_width_tablet=&#8220;100%&#8220; max_width_phone=&#8220;100%&#8220; max_width_last_edited=&#8220;on|tablet&#8220; module_alignment=&#8220;center&#8220; custom_margin=&#8220;0px||20px||false|false&#8220; custom_margin_last_edited=&#8220;off|phone&#8220; custom_padding=&#8220;0px||0px||false|false&#8220; header_2_font_size_tablet=&#8220;50px&#8220; header_2_font_size_phone=&#8220;30px&#8220; header_2_font_size_last_edited=&#8220;on|phone&#8220; locked=&#8220;off&#8220; global_colors_info=&#8220;{}&#8220;]<\/p>\n<h2 style=\"text-align: center;\">Cookie-Richtlinie<\/h2>\n<p>[\/et_pb_text][et_pb_text _builder_version=&#8220;4.27.4&#8243; _module_preset=&#8220;default&#8220; text_text_color=&#8220;#000000&#8243; text_font_size=&#8220;17px&#8220; header_2_font=&#8220;helvetica||||||||&#8220; header_2_text_color=&#8220;#212124&#8243; header_2_font_size=&#8220;18px&#8220; header_2_line_height=&#8220;1.2em&#8220; max_width=&#8220;720px&#8220; module_alignment=&#8220;center&#8220; custom_margin=&#8220;0px||0px||false|false&#8220; custom_padding=&#8220;0px||0px||false|false&#8220; text_font_size_tablet=&#8220;17px&#8220; text_font_size_phone=&#8220;17px&#8220; text_font_size_last_edited=&#8220;on|desktop&#8220; global_colors_info=&#8220;{}&#8220;]<\/p>\n<p style=\"text-align: center;\">Wir machen den Kauf einer Immobilie zu einem einfachen, sicheren und personalisierten Prozess.<\/p>\n<p>[\/et_pb_text][\/et_pb_column][\/et_pb_row][et_pb_row use_custom_gutter=&#8220;on&#8220; gutter_width=&#8220;2&#8243; _builder_version=&#8220;4.27.4&#8243; _module_preset=&#8220;default&#8220; width=&#8220;90%&#8220; max_width=&#8220;90%&#8220; custom_margin=&#8220;||||false|false&#8220; animation_style=&#8220;fade&#8220; animation_duration=&#8220;2000ms&#8220; border_color_top=&#8220;#BCBCBC&#8220; locked=&#8220;off&#8220; global_colors_info=&#8220;{}&#8220;][et_pb_column type=&#8220;4_4&#8243; _builder_version=&#8220;4.26.0&#8243; _module_preset=&#8220;default&#8220; global_colors_info=&#8220;{}&#8220;][et_pb_text _builder_version=&#8220;4.27.4&#8243; _module_preset=&#8220;default&#8220; text_font=&#8220;helvetica-neue||||||||&#8220; text_text_color=&#8220;#212124&#8243; text_font_size=&#8220;17px&#8220; text_line_height=&#8220;1.4em&#8220; link_font=&#8220;helvetica-neue|700|||||||&#8220; link_text_color=&#8220;#B79249&#8243; header_2_font=&#8220;helvetica||||||||&#8220; header_2_text_color=&#8220;#212124&#8243; header_2_font_size=&#8220;16px&#8220; header_2_line_height=&#8220;1.2em&#8220; header_3_font_size=&#8220;26px&#8220; width=&#8220;70%&#8220; width_tablet=&#8220;100%&#8220; width_phone=&#8220;100%&#8220; width_last_edited=&#8220;on|tablet&#8220; max_width=&#8220;100%&#8220; module_alignment=&#8220;center&#8220; custom_margin=&#8220;0px||0px||false|false&#8220; custom_padding=&#8220;0px||0%||false|false&#8220; header_3_font_size_tablet=&#8220;22px&#8220; header_3_font_size_phone=&#8220;22px&#8220; header_3_font_size_last_edited=&#8220;on|phone&#8220; global_colors_info=&#8220;{}&#8220;]<\/p>\n<p data-start=\"45\" data-end=\"166\"><strong data-start=\"45\" data-end=\"164\">Die Inhaberin der Website RBK PRIME INVEST, S.L. informiert Sie \u00fcber die Verwendung von Cookies auf dieser Website:<\/strong><\/p>\n<p data-start=\"168\" data-end=\"351\">Cookies sind Dateien, die auf Ihr Ger\u00e4t heruntergeladen werden k\u00f6nnen, wenn Sie Websites besuchen. Sie sind wesentliche Werkzeuge f\u00fcr die Bereitstellung zahlreicher Internetdienste.<\/p>\n<h3 data-start=\"353\" data-end=\"441\"><strong data-start=\"357\" data-end=\"439\">Arten von Funktions-Cookies gem\u00e4\u00df Stellungnahme 4\/2012 der Arbeitsgruppe WP29:<\/strong><\/h3>\n<ul data-start=\"443\" data-end=\"819\">\n<li data-start=\"443\" data-end=\"470\">Benutzeranmelde-Cookies<\/li>\n<li data-start=\"471\" data-end=\"543\">Identifikations- oder Authentifizierungs-Cookies (nur f\u00fcr Sitzungen)<\/li>\n<li data-start=\"544\" data-end=\"594\">Sicherheits-Cookies (vom Benutzer angefordert)<\/li>\n<li data-start=\"595\" data-end=\"677\">Multimedia-Player-Cookies (unbedingt erforderlich zur Wiedergabe von Inhalten)<\/li>\n<li data-start=\"678\" data-end=\"719\">Sitzungs-Cookies zur Lastenverteilung<\/li>\n<li data-start=\"720\" data-end=\"769\">Benutzeroberfl\u00e4chen-Personalisierungs-Cookies<\/li>\n<li data-start=\"770\" data-end=\"819\">Plug-in-Cookies zur Freigabe sozialer Inhalte<\/li>\n<\/ul>\n<p data-start=\"821\" data-end=\"929\">Diese Website verwendet solche Cookies, um den Betrieb und die Bereitstellung des Dienstes zu erm\u00f6glichen.<\/p>\n<h3 data-start=\"931\" data-end=\"981\"><strong data-start=\"935\" data-end=\"979\">Von der Zustimmung ausgenommene Cookies:<\/strong><\/h3>\n<ul data-start=\"983\" data-end=\"1652\">\n<li data-start=\"983\" data-end=\"1023\">Messung der Besucherzahlen pro Seite<\/li>\n<li data-start=\"1024\" data-end=\"1171\">Verfolgung der Seiten, von denen aus Links zur aktuellen Seite gef\u00fchrt haben (&#8222;Referrer&#8220;), intern oder extern, pro Seite und t\u00e4glich aggregiert<\/li>\n<li data-start=\"1172\" data-end=\"1282\">Ermittlung des Ger\u00e4tetyps, Browsers und der Bildschirmgr\u00f6\u00dfe der Besucher, pro Seite und t\u00e4glich aggregiert<\/li>\n<li data-start=\"1283\" data-end=\"1352\">Ladezeitstatistiken der Seite, pro Seite und st\u00fcndlich aggregiert<\/li>\n<li data-start=\"1353\" data-end=\"1470\">Statistiken \u00fcber die auf jeder Seite verbrachte Zeit, Absprungrate, Scrolltiefe, pro Seite und t\u00e4glich aggregiert<\/li>\n<li data-start=\"1471\" data-end=\"1562\">Statistiken \u00fcber Benutzeraktionen (Klicks, Auswahlen), pro Seite und t\u00e4glich aggregiert<\/li>\n<li data-start=\"1563\" data-end=\"1652\">Statistiken zur geografischen Herkunft der Anfragen, pro Seite und t\u00e4glich aggregiert<\/li>\n<\/ul>\n<h3 data-start=\"1654\" data-end=\"1694\"><strong data-start=\"1658\" data-end=\"1692\">Zustimmungspflichtige Cookies:<\/strong><\/h3>\n<h4 data-start=\"1696\" data-end=\"1725\"><strong data-start=\"1701\" data-end=\"1723\">Arten von Cookies:<\/strong><\/h4>\n<p data-start=\"1727\" data-end=\"1762\"><strong data-start=\"1727\" data-end=\"1760\">Nach der verwaltenden Stelle:<\/strong><\/p>\n<ul data-start=\"1764\" data-end=\"2258\">\n<li data-start=\"1764\" data-end=\"1923\"><strong data-start=\"1766\" data-end=\"1785\">Eigene Cookies:<\/strong> Gesendet von einem Ger\u00e4t oder einer Domain, die vom Herausgeber verwaltet wird und von der der angeforderte Dienst bereitgestellt wird.<\/li>\n<li data-start=\"1924\" data-end=\"2258\"><strong data-start=\"1926\" data-end=\"1952\">Drittanbieter-Cookies:<\/strong> Gesendet von einem Ger\u00e4t oder einer Domain, die von einer anderen Organisation verwaltet wird, die die \u00fcber Cookies gesammelten Daten verarbeitet.<br data-start=\"2099\" data-end=\"2102\" \/>Falls Sie Drittanbieter-Cookies akzeptieren und entfernen m\u00f6chten, m\u00fcssen Sie dies \u00fcber die Browsereinstellungen oder das System des Drittanbieters tun.<\/li>\n<\/ul>\n<p data-start=\"2260\" data-end=\"2297\"><strong data-start=\"2260\" data-end=\"2295\">Nach der Dauer der Aktivierung:<\/strong><\/p>\n<ul data-start=\"2299\" data-end=\"2630\">\n<li data-start=\"2299\" data-end=\"2382\"><strong data-start=\"2301\" data-end=\"2322\">Sitzungs-Cookies:<\/strong> Speichern Daten nur w\u00e4hrend des Zugriffs auf die Website.<\/li>\n<li data-start=\"2383\" data-end=\"2630\"><strong data-start=\"2385\" data-end=\"2408\">Permanente Cookies:<\/strong> Speichern Daten \u00fcber einen bestimmten Zeitraum, der von der verantwortlichen Stelle festgelegt wird, von wenigen Minuten bis zu mehreren Jahren. Die Speicherdauer wird auf das unbedingt erforderliche Minimum beschr\u00e4nkt.<\/li>\n<\/ul>\n<p data-start=\"2632\" data-end=\"2653\"><strong data-start=\"2632\" data-end=\"2651\">Nach dem Zweck:<\/strong><\/p>\n<ul data-start=\"2655\" data-end=\"3299\">\n<li data-start=\"2655\" data-end=\"2786\"><strong data-start=\"2657\" data-end=\"2680\">Technische Cookies:<\/strong> Erm\u00f6glichen das Navigieren auf der Website und die Nutzung der dort angebotenen Dienste und Funktionen.<\/li>\n<li data-start=\"2787\" data-end=\"2973\"><strong data-start=\"2789\" data-end=\"2809\">Analyse-Cookies:<\/strong> Werden von der Website oder Dritten verwendet, um die Anzahl der Benutzer zu messen und statistische Analysen zur Nutzung des angebotenen Dienstes durchzuf\u00fchren.<\/li>\n<li data-start=\"2974\" data-end=\"3155\"><strong data-start=\"2976\" data-end=\"3022\">Pr\u00e4ferenz- oder Personalisierungs-Cookies:<\/strong> Speichern Informationen, die es dem Benutzer erm\u00f6glichen, den Dienst mit bestimmten Merkmalen zu nutzen (z. B. Sprache, Standort).<\/li>\n<li data-start=\"3156\" data-end=\"3299\"><strong data-start=\"3158\" data-end=\"3195\">Verhaltensbasierte Werbe-Cookies:<\/strong> Speichern Informationen \u00fcber das Surfverhalten der Nutzer, um personalisierte Werbung zu erm\u00f6glichen.<\/li>\n<\/ul>\n<h3 data-start=\"3301\" data-end=\"3320\"><strong data-start=\"3305\" data-end=\"3318\">Beispiel:<\/strong><\/h3>\n<p data-start=\"3322\" data-end=\"3726\">Diese Website verwendet <strong data-start=\"3346\" data-end=\"3366\">Google Analytics<\/strong>, einen Webanalysedienst von Google Inc., mit Sitz in 1600 Amphitheatre Parkway, Mountain View, Kalifornien, USA.<br data-start=\"3479\" data-end=\"3482\" \/>Google Analytics verwendet Cookies, um Informationen wie die IP-Adresse des Nutzers zu erfassen, zu verarbeiten und zu speichern. Diese Informationen k\u00f6nnen aus rechtlichen Gr\u00fcnden oder zur Datenverarbeitung durch Dritte weitergegeben werden.<\/p>\n<p data-start=\"3728\" data-end=\"3984\">Durch Webanalysen werden Informationen wie die Anzahl der Nutzer, die besuchten Seiten, die Dauer der Besuche, verwendete Browser, Betreiber, Sprache, Ger\u00e4tetyp oder die zugewiesene Stadt der IP-Adresse erhoben, um die Qualit\u00e4t der Website zu verbessern.<\/p>\n<h3 data-start=\"3986\" data-end=\"4046\"><strong data-start=\"3990\" data-end=\"4044\">Drittanbieter, die Dienstleistungen bereitstellen:<\/strong><\/h3>\n<table data-start=\"4048\" data-end=\"4309\">\n<thead data-start=\"4048\" data-end=\"4122\">\n<tr data-start=\"4048\" data-end=\"4122\">\n<th data-start=\"4048\" data-end=\"4067\"><strong data-start=\"4050\" data-end=\"4066\">Anbietername<\/strong><\/th>\n<th data-start=\"4067\" data-end=\"4091\"><strong data-start=\"4069\" data-end=\"4090\">Zweck der Cookies<\/strong><\/th>\n<th data-start=\"4091\" data-end=\"4122\"><strong data-start=\"4093\" data-end=\"4118\">Weitere Informationen<\/strong><\/th>\n<\/tr>\n<\/thead>\n<tbody data-start=\"4187\" data-end=\"4309\">\n<tr data-start=\"4187\" data-end=\"4309\">\n<td>Google Analytics<\/td>\n<td>Web-Analyse<\/td>\n<td><a target=\"_new\" rel=\"noopener\" data-start=\"4222\" data-end=\"4305\">Datenschutzrichtlinie von Google<\/a><\/td>\n<\/tr>\n<\/tbody>\n<\/table>\n<h3 data-start=\"4311\" data-end=\"4353\"><strong data-start=\"4315\" data-end=\"4351\">Akzeptanz der Cookie-Richtlinie:<\/strong><\/h3>\n<p data-start=\"4355\" data-end=\"4544\">Das Unternehmen zeigt Informationen \u00fcber seine Cookie-Richtlinie auf jeder Seite der Website beim ersten Besuch an, damit Sie sich bewusst entscheiden k\u00f6nnen.<br data-start=\"4513\" data-end=\"4516\" \/>Nachfolgend Ihre Optionen:<\/p>\n<ul data-start=\"4546\" data-end=\"4738\">\n<li data-start=\"4546\" data-end=\"4647\"><strong data-start=\"4548\" data-end=\"4572\">Cookies akzeptieren:<\/strong> Diese Meldung wird w\u00e4hrend der aktuellen Sitzung nicht erneut angezeigt.<\/li>\n<li data-start=\"4648\" data-end=\"4738\"><strong data-start=\"4650\" data-end=\"4677\">Einstellungen anpassen:<\/strong> Sie k\u00f6nnen Ihre Cookie-Einstellungen \u00e4ndern oder ablehnen.<\/li>\n<\/ul>\n<p>[\/et_pb_text][\/et_pb_column][\/et_pb_row][et_pb_row _builder_version=&#8220;4.27.4&#8243; _module_preset=&#8220;default&#8220; max_width=&#8220;105px&#8220; custom_margin=&#8220;0px||||false|false&#8220; custom_padding=&#8220;2%||2%||true|false&#8220; animation_style=&#8220;fade&#8220; animation_duration=&#8220;2000ms&#8220; locked=&#8220;off&#8220; global_colors_info=&#8220;{}&#8220;][et_pb_column type=&#8220;4_4&#8243; _builder_version=&#8220;4.27.4&#8243; _module_preset=&#8220;default&#8220; global_colors_info=&#8220;{}&#8220;][et_pb_text _builder_version=&#8220;4.27.4&#8243; _module_preset=&#8220;default&#8220; text_font=&#8220;helvetica-neue|&#8211;et_global_heading_font_weight|||||||&#8220; text_text_color=&#8220;#B79249&#8243; text_font_size=&#8220;15px&#8220; text_letter_spacing=&#8220;0.5px&#8220; text_line_height=&#8220;1em&#8220; module_alignment=&#8220;center&#8220; custom_margin=&#8220;0px||0px||false|false&#8220; custom_margin_tablet=&#8220;0px||80px||false|false&#8220; custom_margin_phone=&#8220;||60px||false|false&#8220; custom_margin_last_edited=&#8220;on|tablet&#8220; custom_padding=&#8220;0px||7px||false|false&#8220; link_option_url=&#8220;https:\/\/rbkprime.com\/de\/&#8220; custom_css_main_element=&#8220;display:inline-block;&#8220; border_width_bottom=&#8220;1px&#8220; border_color_bottom=&#8220;#b79249&#8243; global_colors_info=&#8220;{}&#8220;]<\/p>\n<p><strong>Zur\u00fcck nach oben<\/strong><\/p>\n<p>[\/et_pb_text][\/et_pb_column][\/et_pb_row][\/et_pb_section]<\/p>\n","protected":false},"excerpt":{"rendered":"<p>Cookie-RichtlinieWir machen den Kauf einer Immobilie zu einem einfachen, sicheren und personalisierten Prozess.Die Inhaberin der Website RBK PRIME INVEST, S.L. informiert Sie \u00fcber die Verwendung von Cookies auf dieser Website: Cookies sind Dateien, die auf Ihr Ger\u00e4t heruntergeladen werden k\u00f6nnen, wenn Sie Websites besuchen. Sie sind wesentliche Werkzeuge f\u00fcr die Bereitstellung zahlreicher Internetdienste. Arten von [&hellip;]<\/p>\n","protected":false},"author":1,"featured_media":0,"parent":0,"menu_order":0,"comment_status":"closed","ping_status":"closed","template":"","meta":{"_et_pb_use_builder":"on","_et_pb_old_content":"","_et_gb_content_width":"","footnotes":""},"class_list":["post-260311","page","type-page","status-publish","hentry"],"yoast_head":"<!-- This site is optimized with the Yoast SEO plugin v27.2 - https:\/\/yoast.com\/product\/yoast-seo-wordpress\/ -->\n<title>Cookie-Richtlinie - RBK Prime<\/title>\n<meta name=\"robots\" content=\"noindex, nofollow\" \/>\n<meta property=\"og:locale\" content=\"de_DE\" \/>\n<meta property=\"og:type\" content=\"article\" \/>\n<meta property=\"og:title\" content=\"Cookie-Richtlinie - RBK Prime\" \/>\n<meta property=\"og:description\" content=\"Cookie-RichtlinieWir machen den Kauf einer Immobilie zu einem einfachen, sicheren und personalisierten Prozess.Die Inhaberin der Website RBK PRIME INVEST, S.L. informiert Sie \u00fcber die Verwendung von Cookies auf dieser Website: Cookies sind Dateien, die auf Ihr Ger\u00e4t heruntergeladen werden k\u00f6nnen, wenn Sie Websites besuchen. Sie sind wesentliche Werkzeuge f\u00fcr die Bereitstellung zahlreicher Internetdienste. Arten von [&hellip;]\" \/>\n<meta property=\"og:url\" content=\"https:\/\/rbkprime.com\/de\/cookie-richtlinie\/\" \/>\n<meta property=\"og:site_name\" content=\"RBK Prime\" \/>\n<meta property=\"article:modified_time\" content=\"2025-04-08T07:39:24+00:00\" \/>\n<meta name=\"twitter:card\" content=\"summary_large_image\" \/>\n<meta name=\"twitter:label1\" content=\"Gesch\u00e4tzte Lesezeit\" \/>\n\t<meta name=\"twitter:data1\" content=\"6\u00a0Minuten\" \/>\n<script type=\"application\/ld+json\" class=\"yoast-schema-graph\">{\"@context\":\"https:\/\/schema.org\",\"@graph\":[{\"@type\":\"WebPage\",\"@id\":\"https:\/\/rbkprime.com\/de\/cookie-richtlinie\/\",\"url\":\"https:\/\/rbkprime.com\/de\/cookie-richtlinie\/\",\"name\":\"Cookie-Richtlinie - RBK Prime\",\"isPartOf\":{\"@id\":\"https:\/\/rbkprime.com\/de\/#website\"},\"datePublished\":\"2024-12-05T14:54:05+00:00\",\"dateModified\":\"2025-04-08T07:39:24+00:00\",\"breadcrumb\":{\"@id\":\"https:\/\/rbkprime.com\/de\/cookie-richtlinie\/#breadcrumb\"},\"inLanguage\":\"de\",\"potentialAction\":[{\"@type\":\"ReadAction\",\"target\":[\"https:\/\/rbkprime.com\/de\/cookie-richtlinie\/\"]}]},{\"@type\":\"BreadcrumbList\",\"@id\":\"https:\/\/rbkprime.com\/de\/cookie-richtlinie\/#breadcrumb\",\"itemListElement\":[{\"@type\":\"ListItem\",\"position\":1,\"name\":\"Portada\",\"item\":\"https:\/\/rbkprime.com\/de\/\"},{\"@type\":\"ListItem\",\"position\":2,\"name\":\"Cookie-Richtlinie\"}]},{\"@type\":\"WebSite\",\"@id\":\"https:\/\/rbkprime.com\/de\/#website\",\"url\":\"https:\/\/rbkprime.com\/de\/\",\"name\":\"RBK Prime\",\"description\":\"International Real Estate\",\"potentialAction\":[{\"@type\":\"SearchAction\",\"target\":{\"@type\":\"EntryPoint\",\"urlTemplate\":\"https:\/\/rbkprime.com\/de\/?s={search_term_string}\"},\"query-input\":{\"@type\":\"PropertyValueSpecification\",\"valueRequired\":true,\"valueName\":\"search_term_string\"}}],\"inLanguage\":\"de\"}]}<\/script>\n<!-- \/ Yoast SEO plugin. -->","yoast_head_json":{"title":"Cookie-Richtlinie - RBK Prime","robots":{"index":"noindex","follow":"nofollow"},"og_locale":"de_DE","og_type":"article","og_title":"Cookie-Richtlinie - RBK Prime","og_description":"Cookie-RichtlinieWir machen den Kauf einer Immobilie zu einem einfachen, sicheren und personalisierten Prozess.Die Inhaberin der Website RBK PRIME INVEST, S.L. informiert Sie \u00fcber die Verwendung von Cookies auf dieser Website: Cookies sind Dateien, die auf Ihr Ger\u00e4t heruntergeladen werden k\u00f6nnen, wenn Sie Websites besuchen. Sie sind wesentliche Werkzeuge f\u00fcr die Bereitstellung zahlreicher Internetdienste. Arten von [&hellip;]","og_url":"https:\/\/rbkprime.com\/de\/cookie-richtlinie\/","og_site_name":"RBK Prime","article_modified_time":"2025-04-08T07:39:24+00:00","twitter_card":"summary_large_image","twitter_misc":{"Gesch\u00e4tzte Lesezeit":"6\u00a0Minuten"},"schema":{"@context":"https:\/\/schema.org","@graph":[{"@type":"WebPage","@id":"https:\/\/rbkprime.com\/de\/cookie-richtlinie\/","url":"https:\/\/rbkprime.com\/de\/cookie-richtlinie\/","name":"Cookie-Richtlinie - RBK Prime","isPartOf":{"@id":"https:\/\/rbkprime.com\/de\/#website"},"datePublished":"2024-12-05T14:54:05+00:00","dateModified":"2025-04-08T07:39:24+00:00","breadcrumb":{"@id":"https:\/\/rbkprime.com\/de\/cookie-richtlinie\/#breadcrumb"},"inLanguage":"de","potentialAction":[{"@type":"ReadAction","target":["https:\/\/rbkprime.com\/de\/cookie-richtlinie\/"]}]},{"@type":"BreadcrumbList","@id":"https:\/\/rbkprime.com\/de\/cookie-richtlinie\/#breadcrumb","itemListElement":[{"@type":"ListItem","position":1,"name":"Portada","item":"https:\/\/rbkprime.com\/de\/"},{"@type":"ListItem","position":2,"name":"Cookie-Richtlinie"}]},{"@type":"WebSite","@id":"https:\/\/rbkprime.com\/de\/#website","url":"https:\/\/rbkprime.com\/de\/","name":"RBK Prime","description":"International Real Estate","potentialAction":[{"@type":"SearchAction","target":{"@type":"EntryPoint","urlTemplate":"https:\/\/rbkprime.com\/de\/?s={search_term_string}"},"query-input":{"@type":"PropertyValueSpecification","valueRequired":true,"valueName":"search_term_string"}}],"inLanguage":"de"}]}},"_links":{"self":[{"href":"https:\/\/rbkprime.com\/de\/wp-json\/wp\/v2\/pages\/260311","targetHints":{"allow":["GET"]}}],"collection":[{"href":"https:\/\/rbkprime.com\/de\/wp-json\/wp\/v2\/pages"}],"about":[{"href":"https:\/\/rbkprime.com\/de\/wp-json\/wp\/v2\/types\/page"}],"author":[{"embeddable":true,"href":"https:\/\/rbkprime.com\/de\/wp-json\/wp\/v2\/users\/1"}],"replies":[{"embeddable":true,"href":"https:\/\/rbkprime.com\/de\/wp-json\/wp\/v2\/comments?post=260311"}],"version-history":[{"count":0,"href":"https:\/\/rbkprime.com\/de\/wp-json\/wp\/v2\/pages\/260311\/revisions"}],"wp:attachment":[{"href":"https:\/\/rbkprime.com\/de\/wp-json\/wp\/v2\/media?parent=260311"}],"curies":[{"name":"wp","href":"https:\/\/api.w.org\/{rel}","templated":true}]}}