{"id":260331,"date":"2024-12-05T14:53:45","date_gmt":"2024-12-05T14:53:45","guid":{"rendered":"https:\/\/rbkprime.com\/datenschutzrichtlinie-2\/"},"modified":"2025-04-04T12:17:58","modified_gmt":"2025-04-04T12:17:58","slug":"datenschutzrichtlinie","status":"publish","type":"page","link":"https:\/\/rbkprime.com\/de\/datenschutzrichtlinie\/","title":{"rendered":"Datenschutzrichtlinie"},"content":{"rendered":"<p>[et_pb_section fb_built=&#8220;1&#8243; admin_label=&#8220;Politica de Privacidad&#8220; module_id=&#8220;PropiedadesDestacadas&#8220; _builder_version=&#8220;4.27.4&#8243; _module_preset=&#8220;default&#8220; background_color=&#8220;RGBA(255,255,255,0)&#8220; custom_margin=&#8220;||||false|false&#8220; custom_padding=&#8220;220px||20px||false|false&#8220; hover_enabled=&#8220;0&#8243; locked=&#8220;off&#8220; collapsed=&#8220;off&#8220; global_colors_info=&#8220;{}&#8220; button_text_size__hover_enabled=&#8220;on|hover&#8220; button_text_color__hover=&#8220;#212124&#8243; button_text_color__hover_enabled=&#8220;on|desktop&#8220; button_bg_color__hover=&#8220;#FFFFFF&#8220; button_bg_color__hover_enabled=&#8220;on|desktop&#8220; button_border_color__hover=&#8220;#FFFFFF&#8220; button_border_color__hover_enabled=&#8220;on|hover&#8220; button_text_size__hover=&#8220;15px&#8220; custom_padding_last_edited=&#8220;on|phone&#8220; sticky_enabled=&#8220;0&#8243; custom_padding_tablet=&#8220;80px||||false|false&#8220; custom_padding_phone=&#8220;80px||||false|false&#8220;][et_pb_row use_custom_gutter=&#8220;on&#8220; gutter_width=&#8220;2&#8243; _builder_version=&#8220;4.27.4&#8243; _module_preset=&#8220;default&#8220; width=&#8220;93%&#8220; width_tablet=&#8220;93%&#8220; width_phone=&#8220;90%&#8220; width_last_edited=&#8220;on|phone&#8220; max_width=&#8220;90%&#8220; custom_padding=&#8220;4%||4%||true|false&#8220; animation_style=&#8220;fade&#8220; animation_duration=&#8220;2000ms&#8220; border_color_top=&#8220;#BCBCBC&#8220; global_colors_info=&#8220;{}&#8220;][et_pb_column type=&#8220;4_4&#8243; _builder_version=&#8220;4.27.4&#8243; _module_preset=&#8220;default&#8220; background_color=&#8220;RGBA(255,255,255,0)&#8220; global_colors_info=&#8220;{}&#8220;][et_pb_text _builder_version=&#8220;4.27.4&#8243; _module_preset=&#8220;default&#8220; header_2_font=&#8220;didot-title|700|||||||&#8220; header_2_text_align=&#8220;left&#8220; header_2_text_color=&#8220;#0c0c0c&#8220; header_2_font_size=&#8220;64px&#8220; header_2_letter_spacing=&#8220;-0.5px&#8220; max_width_tablet=&#8220;100%&#8220; max_width_phone=&#8220;100%&#8220; max_width_last_edited=&#8220;on|tablet&#8220; module_alignment=&#8220;center&#8220; custom_margin=&#8220;0px||20px||false|false&#8220; custom_margin_last_edited=&#8220;off|phone&#8220; custom_padding=&#8220;0px||0px||false|false&#8220; header_2_font_size_tablet=&#8220;50px&#8220; header_2_font_size_phone=&#8220;30px&#8220; header_2_font_size_last_edited=&#8220;on|phone&#8220; locked=&#8220;off&#8220; global_colors_info=&#8220;{}&#8220;]<\/p>\n<h2 style=\"text-align: center;\">Datenschutzrichtlinie<\/h2>\n<p>[\/et_pb_text][et_pb_text _builder_version=&#8220;4.27.4&#8243; _module_preset=&#8220;default&#8220; text_text_color=&#8220;#000000&#8243; text_font_size=&#8220;17px&#8220; header_2_font=&#8220;helvetica||||||||&#8220; header_2_text_color=&#8220;#212124&#8243; header_2_font_size=&#8220;18px&#8220; header_2_line_height=&#8220;1.2em&#8220; max_width=&#8220;720px&#8220; module_alignment=&#8220;center&#8220; custom_margin=&#8220;0px||0px||false|false&#8220; custom_padding=&#8220;0px||0px||false|false&#8220; global_colors_info=&#8220;{}&#8220;]<\/p>\n<p style=\"text-align: center;\">Die Sicherheit unserer Benutzer ist sehr wichtig.<\/p>\n<p>[\/et_pb_text][\/et_pb_column][\/et_pb_row][et_pb_row use_custom_gutter=&#8220;on&#8220; gutter_width=&#8220;2&#8243; _builder_version=&#8220;4.27.4&#8243; _module_preset=&#8220;default&#8220; width=&#8220;90%&#8220; max_width=&#8220;90%&#8220; custom_margin=&#8220;||||false|false&#8220; animation_style=&#8220;fade&#8220; animation_duration=&#8220;2000ms&#8220; border_color_top=&#8220;#BCBCBC&#8220; locked=&#8220;off&#8220; global_colors_info=&#8220;{}&#8220;][et_pb_column type=&#8220;4_4&#8243; _builder_version=&#8220;4.26.0&#8243; _module_preset=&#8220;default&#8220; global_colors_info=&#8220;{}&#8220;][et_pb_text _builder_version=&#8220;4.27.4&#8243; _module_preset=&#8220;default&#8220; text_font=&#8220;helvetica-neue||||||||&#8220; text_text_color=&#8220;#212124&#8243; text_font_size=&#8220;17px&#8220; text_line_height=&#8220;1.4em&#8220; link_font=&#8220;helvetica-neue|700|||||||&#8220; link_text_color=&#8220;#B79249&#8243; header_2_font=&#8220;helvetica||||||||&#8220; header_2_text_color=&#8220;#212124&#8243; header_2_font_size=&#8220;16px&#8220; header_2_line_height=&#8220;1.2em&#8220; header_3_font=&#8220;didot-title||||||||&#8220; header_3_font_size=&#8220;26px&#8220; header_3_line_height=&#8220;1.2em&#8220; width=&#8220;70%&#8220; width_tablet=&#8220;100%&#8220; width_phone=&#8220;100%&#8220; width_last_edited=&#8220;on|tablet&#8220; max_width=&#8220;100%&#8220; module_alignment=&#8220;center&#8220; custom_margin=&#8220;0px||0px||false|false&#8220; custom_padding=&#8220;0px||0%||false|false&#8220; header_3_font_size_tablet=&#8220;22px&#8220; header_3_font_size_phone=&#8220;22px&#8220; header_3_font_size_last_edited=&#8220;on|desktop&#8220; global_colors_info=&#8220;{}&#8220;]<\/p>\n<p style=\"text-align: left;\"><a href=\"http:\/\/www.rbkprime.com\">www.rbkprime.com<\/a><\/p>\n<p>Es handelt sich um eine Internetdom\u00e4ne im Besitz von:<\/p>\n<p>RBK PRIME INVEST, S.L.<br \/>B19449412<br \/>K\u00d6NIG-JUAN-CARLOS-I.-PLATZ, 3 HAUPTPLATZ. 2., 07012 Palma, Mallorca, Balearen<\/p>\n<p>In \u00dcbereinstimmung mit den Bestimmungen der Verordnung (EU) 2016\/679 des Europ\u00e4ischen Parlaments und des Rates vom 27. April zum Schutz personenbezogener Daten nat\u00fcrlicher Personen im Hinblick auf die Verarbeitung personenbezogener Daten und den freien Verkehr solcher Daten sowie dem Organgesetz 3\/2018 zum Schutz personenbezogener Daten und zur Gew\u00e4hrleistung digitaler Rechte erl\u00e4utern wir die Datenschutzrichtlinie.<\/p>\n<p>Wir behalten uns das Recht vor, diese Datenschutzrichtlinie zu \u00e4ndern, um sie an neue Gesetze, Rechtsprechung oder Auslegung durch die spanische Datenschutzbeh\u00f6rde anzupassen. In diesem Fall werden die \u00c4nderungen deutlich und rechtzeitig angek\u00fcndigt, wobei auf die vorgenommenen Modifikationen hingewiesen und, falls erforderlich, um die Akzeptanz der \u00c4nderungen gebeten wird.<\/p>\n<p>Der Nutzer verpflichtet sich, dass alle von ihm angegebenen Daten wahrheitsgem\u00e4\u00df und richtig sind.<\/p>\n<p>Welche Art von Daten werden wir verwenden?<\/p>\n<p>Identifikationsdaten im Kontaktformular und im Falle eines Kaufs, Verkaufs oder einer Miete einer Immobilie die Daten, die zur Durchf\u00fchrung aller Verfahren erforderlich sind.<\/p>\n<p>F\u00fcr welche Zwecke nutzen wir die Daten der Nutzer?<br \/>Um auf Anfragen von Benutzern zu antworten, die uns \u00fcber die daf\u00fcr bereitgestellten Kontaktformulare oder Formulare kontaktieren.<br \/>F\u00fcr die steuerliche, buchhalterische und administrative Verwaltung, um die vom Benutzer angeforderte Dienstleistung und die entsprechenden rechtlichen Verpflichtungen, die sich aus der erbrachten Dienstleistung ergeben, verwalten zu k\u00f6nnen.<br \/>Wenn Sie uns im Rahmen von Personalauswahlverfahren Ihren Lebenslauf zusenden.<br \/>Was sind die Rechtsgrundlagen f\u00fcr die Verarbeitung?<\/p>\n<p>Wir k\u00f6nnen die personenbezogenen Daten des Benutzers auch aufgrund eines berechtigten Interesses im Zusammenhang mit dem Dienst und im Zusammenhang mit der Zusendung kommerzieller Mitteilungen sowohl auf herk\u00f6mmlichem als auch auf elektronischem Wege im Zusammenhang mit unserem Dienst verarbeiten.<\/p>\n<p>Wenn die Grundlage der Behandlung die Einwilligung ist, bitten wir um die Annahme als legitime Grundlage f\u00fcr die Verwendung der Daten. Unter Ber\u00fccksichtigung dessen, dass der Benutzer diese jederzeit widerrufen kann, indem er uns eine E-Mail an data.protection@rbkprime.com sendet.<\/p>\n<p>Wie lange speichern wir Benutzerdaten?<\/p>\n<p>Wir bewahren die personenbezogenen Daten des Nutzers in unseren Informationssystemen so lange auf, wie dies f\u00fcr die Fortf\u00fchrung der Kundenbeziehung und zur Einhaltung gesetzlicher Verpflichtungen erforderlich ist.<\/p>\n<p>Wem d\u00fcrfen wir Nutzerdaten mitteilen?<\/p>\n<p>Eine Weitergabe der Benutzerdaten an Dritte erfolgt nicht, es sei denn, es besteht hierzu eine gesetzliche Verpflichtung, Sie haben uns ausdr\u00fccklich hierzu erm\u00e4chtigt und\/oder dies ist f\u00fcr die Erf\u00fcllung des zur Erbringung unserer Dienste geschlossenen Vertrags erforderlich.<\/p>\n<p>Um die von Ihnen bei uns angeforderten Dienste und\/oder Produkte verwalten zu k\u00f6nnen, ist in manchen F\u00e4llen eine \u00dcbermittlung der Daten an Unternehmen derselben Gruppe und\/oder an Dienstleister zu Verwaltungszwecken, zur Speicherung oder zur Unterst\u00fctzung der Kommunikation erforderlich.<\/p>\n<p>Eine Daten\u00fcbertragung au\u00dferhalb der Europ\u00e4ischen Union ist nicht geplant, au\u00dfer in F\u00e4llen, in denen der Nutzer uns ausdr\u00fccklich zur Verwaltung der von uns angebotenen Dienstleistung erm\u00e4chtigt.<\/p>\n<p>Wie kann der Nutzer seine Rechte aus\u00fcben?<\/p>\n<p>Der Benutzer kann sein Recht auf Zugriff, Berichtigung, Widerspruch und L\u00f6schung seiner Daten aus\u00fcben, die Einschr\u00e4nkung und Portabilit\u00e4t derselben sowie andere Rechte beantragen, indem er eine E-Mail an data.protection@rbkprime.com sendet.<\/p>\n<p>In den folgenden F\u00e4llen:<\/p>\n<p>Auf Berichtigung unrichtiger Daten oder ggf. auf L\u00f6schung (Recht auf Vergessenwerden), wenn Sie z. B. Ihre Einwilligung widerrufen haben. In diesem Fall behalten wir sie nur zur Geltendmachung oder Abwehr von Anspr\u00fcchen und\/oder zur Einhaltung einer gesetzlichen Verpflichtung.<br \/>Eine Einschr\u00e4nkung der Datenverarbeitung zu verlangen, wenn die Daten beispielsweise f\u00fcr die Zwecke, f\u00fcr die sie erhoben wurden, nicht mehr erforderlich sind.<br \/>Die Portabilit\u00e4t der Benutzerdaten in einem automatisierten Format zu beantragen, das das Kopieren, \u00dcbertragen und \u00dcbermitteln erm\u00f6glicht, wenn die Verarbeitung mit automatisierten Mitteln erfolgt.<br \/>Dar\u00fcber hinaus k\u00f6nnen Sie eine Beschwerde bei der Kontrollbeh\u00f6rde (Spanische Datenschutzbeh\u00f6rde www.agpd.es) einreichen.<br \/>Auf welche Daten kann verzichtet werden?<\/p>\n<p>Auf die Pflicht zur Erhebung bestimmter Daten wird in den Formularen auf der Website mittels eines (*) und\/oder eines Hinweises hingewiesen. Die Nichtbereitstellung dieser Daten kann dazu f\u00fchren, dass wir nicht alle mit diesen Daten verbundenen Dienste bereitstellen k\u00f6nnen, sodass wir keine Haftung f\u00fcr die Nichtbereitstellung oder unvollst\u00e4ndige Bereitstellung dieser Dienste \u00fcbernehmen.<\/p>\n<p>[\/et_pb_text][\/et_pb_column][\/et_pb_row][et_pb_row _builder_version=&#8220;4.27.4&#8243; _module_preset=&#8220;default&#8220; max_width=&#8220;105px&#8220; custom_margin=&#8220;0px||||false|false&#8220; custom_padding=&#8220;2%||2%||true|false&#8220; animation_style=&#8220;fade&#8220; animation_duration=&#8220;2000ms&#8220; locked=&#8220;off&#8220; global_colors_info=&#8220;{}&#8220;][et_pb_column type=&#8220;4_4&#8243; _builder_version=&#8220;4.27.4&#8243; _module_preset=&#8220;default&#8220; global_colors_info=&#8220;{}&#8220;][et_pb_text _builder_version=&#8220;4.27.4&#8243; _module_preset=&#8220;default&#8220; text_font=&#8220;helvetica-neue|&#8211;et_global_heading_font_weight|||||||&#8220; text_text_color=&#8220;#B79249&#8243; text_font_size=&#8220;15px&#8220; text_letter_spacing=&#8220;0.5px&#8220; text_line_height=&#8220;1em&#8220; module_alignment=&#8220;center&#8220; custom_margin=&#8220;0px||0px||false|false&#8220; custom_margin_tablet=&#8220;0px||80px||false|false&#8220; custom_margin_phone=&#8220;||60px||false|false&#8220; custom_margin_last_edited=&#8220;on|tablet&#8220; custom_padding=&#8220;0px||7px||false|false&#8220; link_option_url=&#8220;https:\/\/rbkprime.com\/de\/&#8220; custom_css_main_element=&#8220;display:inline-block;&#8220; border_width_bottom=&#8220;1px&#8220; border_color_bottom=&#8220;#b79249&#8243; global_colors_info=&#8220;{}&#8220;]<\/p>\n<p><strong>Zur\u00fcck nach oben<\/strong><\/p>\n<p>[\/et_pb_text][\/et_pb_column][\/et_pb_row][\/et_pb_section]<\/p>\n","protected":false},"excerpt":{"rendered":"<p>DatenschutzrichtlinieDie Sicherheit unserer Benutzer ist sehr wichtig.www.rbkprime.com Es handelt sich um eine Internetdom\u00e4ne im Besitz von: RBK PRIME INVEST, S.L.B19449412K\u00d6NIG-JUAN-CARLOS-I.-PLATZ, 3 HAUPTPLATZ. 2., 07012 Palma, Mallorca, Balearen In \u00dcbereinstimmung mit den Bestimmungen der Verordnung (EU) 2016\/679 des Europ\u00e4ischen Parlaments und des Rates vom 27. April zum Schutz personenbezogener Daten nat\u00fcrlicher Personen im Hinblick auf die [&hellip;]<\/p>\n","protected":false},"author":1,"featured_media":0,"parent":0,"menu_order":0,"comment_status":"closed","ping_status":"closed","template":"","meta":{"_et_pb_use_builder":"on","_et_pb_old_content":"","_et_gb_content_width":"","footnotes":""},"class_list":["post-260331","page","type-page","status-publish","hentry"],"yoast_head":"<!-- This site is optimized with the Yoast SEO plugin v27.2 - https:\/\/yoast.com\/product\/yoast-seo-wordpress\/ -->\n<title>Datenschutzrichtlinie - RBK Prime<\/title>\n<meta name=\"robots\" content=\"noindex, nofollow\" \/>\n<meta property=\"og:locale\" content=\"de_DE\" \/>\n<meta property=\"og:type\" content=\"article\" \/>\n<meta property=\"og:title\" content=\"Datenschutzrichtlinie - RBK Prime\" \/>\n<meta property=\"og:description\" content=\"DatenschutzrichtlinieDie Sicherheit unserer Benutzer ist sehr wichtig.www.rbkprime.com Es handelt sich um eine Internetdom\u00e4ne im Besitz von: RBK PRIME INVEST, S.L.B19449412K\u00d6NIG-JUAN-CARLOS-I.-PLATZ, 3 HAUPTPLATZ. 2., 07012 Palma, Mallorca, Balearen In \u00dcbereinstimmung mit den Bestimmungen der Verordnung (EU) 2016\/679 des Europ\u00e4ischen Parlaments und des Rates vom 27. April zum Schutz personenbezogener Daten nat\u00fcrlicher Personen im Hinblick auf die [&hellip;]\" \/>\n<meta property=\"og:url\" content=\"https:\/\/rbkprime.com\/de\/datenschutzrichtlinie\/\" \/>\n<meta property=\"og:site_name\" content=\"RBK Prime\" \/>\n<meta property=\"article:modified_time\" content=\"2025-04-04T12:17:58+00:00\" \/>\n<meta name=\"twitter:card\" content=\"summary_large_image\" \/>\n<meta name=\"twitter:label1\" content=\"Gesch\u00e4tzte Lesezeit\" \/>\n\t<meta name=\"twitter:data1\" content=\"7\u00a0Minuten\" \/>\n<script type=\"application\/ld+json\" class=\"yoast-schema-graph\">{\"@context\":\"https:\/\/schema.org\",\"@graph\":[{\"@type\":\"WebPage\",\"@id\":\"https:\/\/rbkprime.com\/de\/datenschutzrichtlinie\/\",\"url\":\"https:\/\/rbkprime.com\/de\/datenschutzrichtlinie\/\",\"name\":\"Datenschutzrichtlinie - RBK Prime\",\"isPartOf\":{\"@id\":\"https:\/\/rbkprime.com\/de\/#website\"},\"datePublished\":\"2024-12-05T14:53:45+00:00\",\"dateModified\":\"2025-04-04T12:17:58+00:00\",\"breadcrumb\":{\"@id\":\"https:\/\/rbkprime.com\/de\/datenschutzrichtlinie\/#breadcrumb\"},\"inLanguage\":\"de\",\"potentialAction\":[{\"@type\":\"ReadAction\",\"target\":[\"https:\/\/rbkprime.com\/de\/datenschutzrichtlinie\/\"]}]},{\"@type\":\"BreadcrumbList\",\"@id\":\"https:\/\/rbkprime.com\/de\/datenschutzrichtlinie\/#breadcrumb\",\"itemListElement\":[{\"@type\":\"ListItem\",\"position\":1,\"name\":\"Portada\",\"item\":\"https:\/\/rbkprime.com\/de\/\"},{\"@type\":\"ListItem\",\"position\":2,\"name\":\"Datenschutzrichtlinie\"}]},{\"@type\":\"WebSite\",\"@id\":\"https:\/\/rbkprime.com\/de\/#website\",\"url\":\"https:\/\/rbkprime.com\/de\/\",\"name\":\"RBK Prime\",\"description\":\"International Real Estate\",\"potentialAction\":[{\"@type\":\"SearchAction\",\"target\":{\"@type\":\"EntryPoint\",\"urlTemplate\":\"https:\/\/rbkprime.com\/de\/?s={search_term_string}\"},\"query-input\":{\"@type\":\"PropertyValueSpecification\",\"valueRequired\":true,\"valueName\":\"search_term_string\"}}],\"inLanguage\":\"de\"}]}<\/script>\n<!-- \/ Yoast SEO plugin. -->","yoast_head_json":{"title":"Datenschutzrichtlinie - RBK Prime","robots":{"index":"noindex","follow":"nofollow"},"og_locale":"de_DE","og_type":"article","og_title":"Datenschutzrichtlinie - RBK Prime","og_description":"DatenschutzrichtlinieDie Sicherheit unserer Benutzer ist sehr wichtig.www.rbkprime.com Es handelt sich um eine Internetdom\u00e4ne im Besitz von: RBK PRIME INVEST, S.L.B19449412K\u00d6NIG-JUAN-CARLOS-I.-PLATZ, 3 HAUPTPLATZ. 2., 07012 Palma, Mallorca, Balearen In \u00dcbereinstimmung mit den Bestimmungen der Verordnung (EU) 2016\/679 des Europ\u00e4ischen Parlaments und des Rates vom 27. April zum Schutz personenbezogener Daten nat\u00fcrlicher Personen im Hinblick auf die [&hellip;]","og_url":"https:\/\/rbkprime.com\/de\/datenschutzrichtlinie\/","og_site_name":"RBK Prime","article_modified_time":"2025-04-04T12:17:58+00:00","twitter_card":"summary_large_image","twitter_misc":{"Gesch\u00e4tzte Lesezeit":"7\u00a0Minuten"},"schema":{"@context":"https:\/\/schema.org","@graph":[{"@type":"WebPage","@id":"https:\/\/rbkprime.com\/de\/datenschutzrichtlinie\/","url":"https:\/\/rbkprime.com\/de\/datenschutzrichtlinie\/","name":"Datenschutzrichtlinie - RBK Prime","isPartOf":{"@id":"https:\/\/rbkprime.com\/de\/#website"},"datePublished":"2024-12-05T14:53:45+00:00","dateModified":"2025-04-04T12:17:58+00:00","breadcrumb":{"@id":"https:\/\/rbkprime.com\/de\/datenschutzrichtlinie\/#breadcrumb"},"inLanguage":"de","potentialAction":[{"@type":"ReadAction","target":["https:\/\/rbkprime.com\/de\/datenschutzrichtlinie\/"]}]},{"@type":"BreadcrumbList","@id":"https:\/\/rbkprime.com\/de\/datenschutzrichtlinie\/#breadcrumb","itemListElement":[{"@type":"ListItem","position":1,"name":"Portada","item":"https:\/\/rbkprime.com\/de\/"},{"@type":"ListItem","position":2,"name":"Datenschutzrichtlinie"}]},{"@type":"WebSite","@id":"https:\/\/rbkprime.com\/de\/#website","url":"https:\/\/rbkprime.com\/de\/","name":"RBK Prime","description":"International Real Estate","potentialAction":[{"@type":"SearchAction","target":{"@type":"EntryPoint","urlTemplate":"https:\/\/rbkprime.com\/de\/?s={search_term_string}"},"query-input":{"@type":"PropertyValueSpecification","valueRequired":true,"valueName":"search_term_string"}}],"inLanguage":"de"}]}},"_links":{"self":[{"href":"https:\/\/rbkprime.com\/de\/wp-json\/wp\/v2\/pages\/260331","targetHints":{"allow":["GET"]}}],"collection":[{"href":"https:\/\/rbkprime.com\/de\/wp-json\/wp\/v2\/pages"}],"about":[{"href":"https:\/\/rbkprime.com\/de\/wp-json\/wp\/v2\/types\/page"}],"author":[{"embeddable":true,"href":"https:\/\/rbkprime.com\/de\/wp-json\/wp\/v2\/users\/1"}],"replies":[{"embeddable":true,"href":"https:\/\/rbkprime.com\/de\/wp-json\/wp\/v2\/comments?post=260331"}],"version-history":[{"count":0,"href":"https:\/\/rbkprime.com\/de\/wp-json\/wp\/v2\/pages\/260331\/revisions"}],"wp:attachment":[{"href":"https:\/\/rbkprime.com\/de\/wp-json\/wp\/v2\/media?parent=260331"}],"curies":[{"name":"wp","href":"https:\/\/api.w.org\/{rel}","templated":true}]}}